{"id":2358,"date":"2023-12-04T12:18:26","date_gmt":"2023-12-04T12:18:26","guid":{"rendered":"https:\/\/optimistic.pt\/avaliacao-de-desepenho-dos-fornecedores\/"},"modified":"2025-01-16T15:55:16","modified_gmt":"2025-01-16T15:55:16","slug":"avaliacao-de-desepenho-dos-fornecedores","status":"publish","type":"page","link":"https:\/\/optimistic.pt\/pt-pt\/avaliacao-de-desepenho-dos-fornecedores\/","title":{"rendered":"Avalia\u00e7\u00e3o de Desempenho dos Fornecedores"},"content":{"rendered":"<div class=\"flex-shrink-0 flex flex-col relative items-end\">\n<div>\n<div class=\"pt-0\">\n<div class=\"gizmo-bot-avatar flex h-8 w-8 items-center justify-center overflow-hidden rounded-full\">\n<div class=\"relative p-1 rounded-sm flex items-center justify-center bg-token-main-surface-primary text-token-text-primary h-8 w-8\"><strong style=\"font-size: 25px;\">Crit\u00e9rios para Avalia\u00e7\u00e3o de Fornecedores Externos<\/strong><\/div>\n<div><\/div>\n<\/div>\n<\/div>\n<\/div>\n<\/div>\n<div class=\"group\/conversation-turn relative flex w-full min-w-0 flex-col agent-turn\">\n<div class=\"flex-col gap-1 md:gap-3\">\n<div class=\"flex max-w-full flex-col flex-grow\">\n<div class=\"min-h-8 text-message flex w-full flex-col items-end gap-2 whitespace-normal break-words text-start [.text-message+&amp;]:mt-5\" dir=\"auto\" data-message-author-role=\"assistant\" data-message-id=\"13847792-594f-496c-9d6f-2a6ac52d9f13\" data-message-model-slug=\"gpt-4o\">\n<div class=\"flex w-full flex-col gap-1 empty:hidden first:pt-[3px]\">\n<div class=\"markdown prose w-full break-words dark:prose-invert light\">\n<table>\n<thead>\n<tr>\n<th><span style=\"color: #000000;\"><strong>Valor<\/strong><\/span><\/th>\n<th><span style=\"color: #000000;\"><strong>Pre\u00e7o<\/strong><\/span><\/th>\n<th><span style=\"color: #000000;\"><strong>Capacidade de Envio de Proposta<\/strong><\/span><\/th>\n<th><span style=\"color: #000000;\"><strong>Cumprimento de Prazo de Produ\u00e7\u00e3o Acordado<\/strong><\/span><\/th>\n<th><span style=\"color: #000000;\"><strong>Prazo de Pagamento<\/strong><\/span><\/th>\n<th><span style=\"color: #000000;\"><strong>N\u00famero de Reclama\u00e7\u00f5es<\/strong><\/span><\/th>\n<th><span style=\"color: #000000;\"><strong>Procedimentos \/ Medidas de Controlo \/ Boas Pr\u00e1ticas \/ Cumprimento das Obriga\u00e7\u00f5es de Conformidade: Ambientais &#8211; SST<\/strong><\/span><\/th>\n<\/tr>\n<\/thead>\n<tbody>\n<tr>\n<td>4<\/td>\n<td>O melhor pre\u00e7o do mercado<\/td>\n<td>Imediata (48 horas)<\/td>\n<td>Sempre cumprido<\/td>\n<td>Faseada com \u00faltima parte ap\u00f3s rece\u00e7\u00e3o<\/td>\n<td>0<\/td>\n<td>Empresa com certifica\u00e7\u00e3o ambiental e\/ou SST. Sem dados.<\/td>\n<\/tr>\n<tr>\n<td>3<\/td>\n<td>2\u00ba melhor pre\u00e7o<\/td>\n<td>At\u00e9 1 m\u00eas<\/td>\n<td>N\u00e3o cumpriu uma vez no \u00faltimo ano<\/td>\n<td>Faseada com \u00faltima parte paga no envio<\/td>\n<td>&#8212;<\/td>\n<td>Boas pr\u00e1ticas ambientais e\/ou pr\u00e1ticas de SST nos seus produtos ou servi\u00e7os. Origem na Uni\u00e3o Europeia \u2013 Cumprimento de requisitos legais. Pequenas falhas corrigidas rapidamente.<\/td>\n<\/tr>\n<tr>\n<td>2<\/td>\n<td>3\u00ba melhor pre\u00e7o<\/td>\n<td>At\u00e9 2 meses<\/td>\n<td>N\u00e3o cumpriu mais de uma vez no \u00faltimo ano<\/td>\n<td>Totalidade paga antes de envio<\/td>\n<td>&#8212;<\/td>\n<td>Falhas maiores na execu\u00e7\u00e3o do servi\u00e7o\/produto a n\u00edvel ambiental\/SST.<\/td>\n<\/tr>\n<tr>\n<td>1<\/td>\n<td>Pre\u00e7o mais caro do mercado<\/td>\n<td>Mais de 2 meses<\/td>\n<td>Nunca cumpre o prazo acordado<\/td>\n<td>Totalidade paga antes de iniciar fabrico<\/td>\n<td>&gt;1<\/td>\n<td>Detetados incumprimentos nas Obriga\u00e7\u00f5es de Conformidade \/ Procedimentos \/ execu\u00e7\u00e3o do servi\u00e7o com impactos ambientais graves \/ riscos de SST para os trabalhadores.<\/td>\n<\/tr>\n<\/tbody>\n<\/table>\n<\/div>\n<\/div>\n<\/div>\n<\/div>\n<\/div>\n<\/div>\n","protected":false},"excerpt":{"rendered":"<p>Crit\u00e9rios para Avalia\u00e7\u00e3o de Fornecedores Externos Valor Pre\u00e7o Capacidade de Envio de Proposta Cumprimento de Prazo de Produ\u00e7\u00e3o Acordado Prazo de Pagamento N\u00famero de Reclama\u00e7\u00f5es Procedimentos<span class=\"excerpt-hellip\"> [\u2026]<\/span><\/p>\n","protected":false},"author":1,"featured_media":0,"parent":0,"menu_order":0,"comment_status":"closed","ping_status":"closed","template":"","meta":{"footnotes":""},"class_list":["post-2358","page","type-page","status-publish","hentry"],"yoast_head":"<!-- This site is optimized with the Yoast SEO plugin v27.2 - https:\/\/yoast.com\/product\/yoast-seo-wordpress\/ -->\n<title>Avalia\u00e7\u00e3o de Desempenho dos Fornecedores - OPTIMISTIC<\/title>\n<meta name=\"robots\" content=\"index, follow, max-snippet:-1, max-image-preview:large, max-video-preview:-1\" \/>\n<link rel=\"canonical\" href=\"https:\/\/optimistic.pt\/pt-pt\/avaliacao-de-desepenho-dos-fornecedores\/\" \/>\n<meta property=\"og:locale\" content=\"pt_PT\" \/>\n<meta property=\"og:type\" content=\"article\" \/>\n<meta property=\"og:title\" content=\"Avalia\u00e7\u00e3o de Desempenho dos Fornecedores - OPTIMISTIC\" \/>\n<meta property=\"og:description\" content=\"Crit\u00e9rios para Avalia\u00e7\u00e3o de Fornecedores Externos Valor Pre\u00e7o Capacidade de Envio de Proposta Cumprimento de Prazo de Produ\u00e7\u00e3o Acordado Prazo de Pagamento N\u00famero de Reclama\u00e7\u00f5es Procedimentos [\u2026]\" \/>\n<meta property=\"og:url\" content=\"https:\/\/optimistic.pt\/pt-pt\/avaliacao-de-desepenho-dos-fornecedores\/\" \/>\n<meta property=\"og:site_name\" content=\"OPTIMISTIC\" \/>\n<meta property=\"article:modified_time\" content=\"2025-01-16T15:55:16+00:00\" \/>\n<meta name=\"twitter:card\" content=\"summary_large_image\" \/>\n<meta name=\"twitter:label1\" content=\"Tempo estimado de leitura\" \/>\n\t<meta name=\"twitter:data1\" content=\"1 minuto\" \/>\n<script type=\"application\/ld+json\" class=\"yoast-schema-graph\">{\"@context\":\"https:\/\/schema.org\",\"@graph\":[{\"@type\":\"WebPage\",\"@id\":\"https:\/\/optimistic.pt\/pt-pt\/avaliacao-de-desepenho-dos-fornecedores\/\",\"url\":\"https:\/\/optimistic.pt\/pt-pt\/avaliacao-de-desepenho-dos-fornecedores\/\",\"name\":\"Avalia\u00e7\u00e3o de Desempenho dos Fornecedores - OPTIMISTIC\",\"isPartOf\":{\"@id\":\"https:\/\/optimistic.pt\/pt-pt\/#website\"},\"datePublished\":\"2023-12-04T12:18:26+00:00\",\"dateModified\":\"2025-01-16T15:55:16+00:00\",\"breadcrumb\":{\"@id\":\"https:\/\/optimistic.pt\/pt-pt\/avaliacao-de-desepenho-dos-fornecedores\/#breadcrumb\"},\"inLanguage\":\"pt-PT\",\"potentialAction\":[{\"@type\":\"ReadAction\",\"target\":[\"https:\/\/optimistic.pt\/pt-pt\/avaliacao-de-desepenho-dos-fornecedores\/\"]}]},{\"@type\":\"BreadcrumbList\",\"@id\":\"https:\/\/optimistic.pt\/pt-pt\/avaliacao-de-desepenho-dos-fornecedores\/#breadcrumb\",\"itemListElement\":[{\"@type\":\"ListItem\",\"position\":1,\"name\":\"In\u00edcio\",\"item\":\"https:\/\/optimistic.pt\/pt-pt\/\"},{\"@type\":\"ListItem\",\"position\":2,\"name\":\"Avalia\u00e7\u00e3o de Desempenho dos Fornecedores\"}]},{\"@type\":\"WebSite\",\"@id\":\"https:\/\/optimistic.pt\/pt-pt\/#website\",\"url\":\"https:\/\/optimistic.pt\/pt-pt\/\",\"name\":\"OPTIMISTIC\",\"description\":\"Equipamento Rotativo\",\"publisher\":{\"@id\":\"https:\/\/optimistic.pt\/pt-pt\/#organization\"},\"potentialAction\":[{\"@type\":\"SearchAction\",\"target\":{\"@type\":\"EntryPoint\",\"urlTemplate\":\"https:\/\/optimistic.pt\/pt-pt\/?s={search_term_string}\"},\"query-input\":{\"@type\":\"PropertyValueSpecification\",\"valueRequired\":true,\"valueName\":\"search_term_string\"}}],\"inLanguage\":\"pt-PT\"},{\"@type\":\"Organization\",\"@id\":\"https:\/\/optimistic.pt\/pt-pt\/#organization\",\"name\":\"OPTIMISTIC\",\"url\":\"https:\/\/optimistic.pt\/pt-pt\/\",\"logo\":{\"@type\":\"ImageObject\",\"inLanguage\":\"pt-PT\",\"@id\":\"https:\/\/optimistic.pt\/pt-pt\/#\/schema\/logo\/image\/\",\"url\":\"https:\/\/optimistic.pt\/wp-content\/uploads\/2023\/05\/logo_OPTIMISTIC_s_designa_alto_rgb.png\",\"contentUrl\":\"https:\/\/optimistic.pt\/wp-content\/uploads\/2023\/05\/logo_OPTIMISTIC_s_designa_alto_rgb.png\",\"width\":2062,\"height\":916,\"caption\":\"OPTIMISTIC\"},\"image\":{\"@id\":\"https:\/\/optimistic.pt\/pt-pt\/#\/schema\/logo\/image\/\"}}]}<\/script>\n<!-- \/ Yoast SEO plugin. -->","yoast_head_json":{"title":"Avalia\u00e7\u00e3o de Desempenho dos Fornecedores - OPTIMISTIC","robots":{"index":"index","follow":"follow","max-snippet":"max-snippet:-1","max-image-preview":"max-image-preview:large","max-video-preview":"max-video-preview:-1"},"canonical":"https:\/\/optimistic.pt\/pt-pt\/avaliacao-de-desepenho-dos-fornecedores\/","og_locale":"pt_PT","og_type":"article","og_title":"Avalia\u00e7\u00e3o de Desempenho dos Fornecedores - OPTIMISTIC","og_description":"Crit\u00e9rios para Avalia\u00e7\u00e3o de Fornecedores Externos Valor Pre\u00e7o Capacidade de Envio de Proposta Cumprimento de Prazo de Produ\u00e7\u00e3o Acordado Prazo de Pagamento N\u00famero de Reclama\u00e7\u00f5es Procedimentos [\u2026]","og_url":"https:\/\/optimistic.pt\/pt-pt\/avaliacao-de-desepenho-dos-fornecedores\/","og_site_name":"OPTIMISTIC","article_modified_time":"2025-01-16T15:55:16+00:00","twitter_card":"summary_large_image","twitter_misc":{"Tempo estimado de leitura":"1 minuto"},"schema":{"@context":"https:\/\/schema.org","@graph":[{"@type":"WebPage","@id":"https:\/\/optimistic.pt\/pt-pt\/avaliacao-de-desepenho-dos-fornecedores\/","url":"https:\/\/optimistic.pt\/pt-pt\/avaliacao-de-desepenho-dos-fornecedores\/","name":"Avalia\u00e7\u00e3o de Desempenho dos Fornecedores - OPTIMISTIC","isPartOf":{"@id":"https:\/\/optimistic.pt\/pt-pt\/#website"},"datePublished":"2023-12-04T12:18:26+00:00","dateModified":"2025-01-16T15:55:16+00:00","breadcrumb":{"@id":"https:\/\/optimistic.pt\/pt-pt\/avaliacao-de-desepenho-dos-fornecedores\/#breadcrumb"},"inLanguage":"pt-PT","potentialAction":[{"@type":"ReadAction","target":["https:\/\/optimistic.pt\/pt-pt\/avaliacao-de-desepenho-dos-fornecedores\/"]}]},{"@type":"BreadcrumbList","@id":"https:\/\/optimistic.pt\/pt-pt\/avaliacao-de-desepenho-dos-fornecedores\/#breadcrumb","itemListElement":[{"@type":"ListItem","position":1,"name":"In\u00edcio","item":"https:\/\/optimistic.pt\/pt-pt\/"},{"@type":"ListItem","position":2,"name":"Avalia\u00e7\u00e3o de Desempenho dos Fornecedores"}]},{"@type":"WebSite","@id":"https:\/\/optimistic.pt\/pt-pt\/#website","url":"https:\/\/optimistic.pt\/pt-pt\/","name":"OPTIMISTIC","description":"Equipamento Rotativo","publisher":{"@id":"https:\/\/optimistic.pt\/pt-pt\/#organization"},"potentialAction":[{"@type":"SearchAction","target":{"@type":"EntryPoint","urlTemplate":"https:\/\/optimistic.pt\/pt-pt\/?s={search_term_string}"},"query-input":{"@type":"PropertyValueSpecification","valueRequired":true,"valueName":"search_term_string"}}],"inLanguage":"pt-PT"},{"@type":"Organization","@id":"https:\/\/optimistic.pt\/pt-pt\/#organization","name":"OPTIMISTIC","url":"https:\/\/optimistic.pt\/pt-pt\/","logo":{"@type":"ImageObject","inLanguage":"pt-PT","@id":"https:\/\/optimistic.pt\/pt-pt\/#\/schema\/logo\/image\/","url":"https:\/\/optimistic.pt\/wp-content\/uploads\/2023\/05\/logo_OPTIMISTIC_s_designa_alto_rgb.png","contentUrl":"https:\/\/optimistic.pt\/wp-content\/uploads\/2023\/05\/logo_OPTIMISTIC_s_designa_alto_rgb.png","width":2062,"height":916,"caption":"OPTIMISTIC"},"image":{"@id":"https:\/\/optimistic.pt\/pt-pt\/#\/schema\/logo\/image\/"}}]}},"_links":{"self":[{"href":"https:\/\/optimistic.pt\/pt-pt\/wp-json\/wp\/v2\/pages\/2358","targetHints":{"allow":["GET"]}}],"collection":[{"href":"https:\/\/optimistic.pt\/pt-pt\/wp-json\/wp\/v2\/pages"}],"about":[{"href":"https:\/\/optimistic.pt\/pt-pt\/wp-json\/wp\/v2\/types\/page"}],"author":[{"embeddable":true,"href":"https:\/\/optimistic.pt\/pt-pt\/wp-json\/wp\/v2\/users\/1"}],"replies":[{"embeddable":true,"href":"https:\/\/optimistic.pt\/pt-pt\/wp-json\/wp\/v2\/comments?post=2358"}],"version-history":[{"count":12,"href":"https:\/\/optimistic.pt\/pt-pt\/wp-json\/wp\/v2\/pages\/2358\/revisions"}],"predecessor-version":[{"id":3243,"href":"https:\/\/optimistic.pt\/pt-pt\/wp-json\/wp\/v2\/pages\/2358\/revisions\/3243"}],"wp:attachment":[{"href":"https:\/\/optimistic.pt\/pt-pt\/wp-json\/wp\/v2\/media?parent=2358"}],"curies":[{"name":"wp","href":"https:\/\/api.w.org\/{rel}","templated":true}]}}