{"id":2298,"date":"2023-11-14T14:55:43","date_gmt":"2023-11-14T14:55:43","guid":{"rendered":"https:\/\/optimistic.pt\/?page_id=2298"},"modified":"2025-02-13T12:37:41","modified_gmt":"2025-02-13T12:37:41","slug":"politica-sistemas-gestao","status":"publish","type":"page","link":"https:\/\/optimistic.pt\/pt-pt\/politica-sistemas-gestao\/","title":{"rendered":"Pol\u00edtica de Sistema de Gest\u00e3o"},"content":{"rendered":"<p>O \u00e2mbito do <strong>Sistema de Gest\u00e3o<\/strong> de acordo com os requerimentos de ISO 9001 \u00e9 \u201cConce\u00e7\u00e3o, produ\u00e7\u00e3o e comercializa\u00e7\u00e3o de equipamentos rotativos, assim como assist\u00eancia t\u00e9cnica\u201d. O \u00e2mbito da<strong> Sistema de Gest\u00e3o<\/strong> de acordo com os requerimentos de ISO 14001 e ISO 45001 \u00e9 \u201cConce\u00e7\u00e3o, gest\u00e3o da produ\u00e7\u00e3o e comercializa\u00e7\u00e3o de equipamentos rotativos, assim como assist\u00eancia t\u00e9cnica\u201d.<\/p>\n<p data-pm-slice=\"1 1 []\">A OPTIMISTIC \u00e9 uma empresa portuguesa com ampla experi\u00eancia no design, fabrica\u00e7\u00e3o e comercializa\u00e7\u00e3o de equipamentos rotativos, como compressores, ventiladores e sopradores. Para isso, conta com o apoio de uma equipe de engenharia especializada, que utiliza m\u00e9todos recentes de &#8220;desenho de software&#8221;, fabrica\u00e7\u00e3o e execu\u00e7\u00e3o de testes de controle com alto desempenho tecnol\u00f3gico.<\/p>\n<p>Nossa empresa tamb\u00e9m tem a capacidade de oferecer servi\u00e7os de assist\u00eancia t\u00e9cnica especializada em todo o mundo, incluindo repara\u00e7\u00e3o, manuten\u00e7\u00e3o, monitoramento, renova\u00e7\u00e3o e revis\u00e3o, al\u00e9m de uma variedade de solu\u00e7\u00f5es personalizadas.<\/p>\n<p>A OPTIMISTIC apresenta-se como uma empresa que busca a melhoria cont\u00ednua dos equipamentos e solu\u00e7\u00f5es que oferece aos seus clientes. Nesse sentido, a implementa\u00e7\u00e3o e certifica\u00e7\u00e3o do Sistema de Gest\u00e3o, de acordo com as normas ISO 9001, ISO 14001 e ISO 45001, s\u00e3o objetivos fundamentais.<\/p>\n<p>Assim, a Pol\u00edtica de Gest\u00e3o da OPTIMISTIC baseia-se nos seguintes princ\u00edpios:<\/p>\n<ul data-spread=\"false\">\n<li>Satisfazer as necessidades e superar as expectativas dos seus clientes e demais partes interessadas relevantes, garantindo que as atividades sejam desenvolvidas em conformidade com os requisitos das normas, a legisla\u00e7\u00e3o e todos os requisitos aplic\u00e1veis, bem como com as metodologias definidas no Sistema de Gest\u00e3o.<\/li>\n<li>Motivar os colaboradores, proporcionando-lhes oportunidades de desenvolvimento profissional e pessoal.<\/li>\n<li>Promover a consulta e participa\u00e7\u00e3o dos colaboradores, criando as condi\u00e7\u00f5es necess\u00e1rias.<\/li>\n<li>Eliminar perigos e reduzir os riscos de SST atrav\u00e9s de uma hierarquia de controles: a) Eliminar o perigo. b) Substituir processos, opera\u00e7\u00f5es, materiais ou equipamentos menos perigosos. c) Utilizar controles de engenharia e organiza\u00e7\u00e3o do trabalho. d) Aplicar controles administrativos. e) Utilizar equipamentos de prote\u00e7\u00e3o individual adequados.<\/li>\n<li>Assegurar a prote\u00e7\u00e3o do meio ambiente por meio da preven\u00e7\u00e3o da polui\u00e7\u00e3o, do uso sustent\u00e1vel de recursos naturais\/n\u00e3o renov\u00e1veis, da promo\u00e7\u00e3o de uma gest\u00e3o adequada de res\u00edduos, do desenvolvimento de produtos ambientalmente respons\u00e1veis e da manuten\u00e7\u00e3o da qualidade dos nossos servi\u00e7os, minimizando o impacto ambiental das nossas atividades em colabora\u00e7\u00e3o com as partes interessadas.<\/li>\n<li>Proporcionar forma\u00e7\u00e3o e um ambiente de trabalho compat\u00edvel com os requisitos de desempenho profissional, perigos\/riscos de SST e aspectos ambientais das atividades da OPTIMISTIC.<\/li>\n<li>Promover a melhoria cont\u00ednua dos processos e metodologias de trabalho para oferecer equipamentos e servi\u00e7os com o maior valor agregado para os clientes.<\/li>\n<li>Melhorar continuamente a efic\u00e1cia do Sistema de Gest\u00e3o, por meio da defini\u00e7\u00e3o e acompanhamento de objetivos e indicadores.<\/li>\n<\/ul>\n<h3>Objetivos de Qualidade<\/h3>\n<table>\n<tbody>\n<tr>\n<th>Processo Envolvido<\/th>\n<th>Objetivo de Qualidade Associado<\/th>\n<\/tr>\n<tr>\n<td>Gest\u00e3o da Qualidade<\/td>\n<td>&#8211; \u00cdndice de satisfa\u00e7\u00e3o do cliente superior a 90%<\/td>\n<\/tr>\n<tr>\n<td><\/td>\n<td>&#8211; Zero reclama\u00e7\u00f5es de clientes<\/td>\n<\/tr>\n<tr>\n<td><\/td>\n<td>&#8211; Manter um sistema de gest\u00e3o da qualidade certificado<\/td>\n<\/tr>\n<tr>\n<td>Equipamentos e Manuten\u00e7\u00e3o<\/td>\n<td>Cumprimento de 100% do plano de manuten\u00e7\u00e3o<\/td>\n<\/tr>\n<tr>\n<td>Compras<\/td>\n<td>Manter 100% dos fornecedores com avalia\u00e7\u00e3o acima de 60%<\/td>\n<\/tr>\n<tr>\n<td>Recursos Humanos<\/td>\n<td>Cumprimento de mais de 75% do plano de forma\u00e7\u00e3o<\/td>\n<\/tr>\n<tr>\n<td>Produ\u00e7\u00e3o \/ Neg\u00f3cios<\/td>\n<td>Aumentar as vendas em 30%<\/td>\n<\/tr>\n<\/tbody>\n<\/table>\n<p>Para isso, e com a colabora\u00e7\u00e3o de todos os colaboradores no desenvolvimento e manuten\u00e7\u00e3o do Sistema de Gest\u00e3o, a OPTIMISTIC pretende destacar-se como uma empresa com uma estrutura s\u00f3lida, reconhecida internacionalmente, com o objetivo de consolidar sua posi\u00e7\u00e3o no mercado e alcan\u00e7ar a total satisfa\u00e7\u00e3o dos seus clientes.<\/p>\n<p>A dire\u00e7\u00e3o compromete-se a cumprir os requisitos das normas ISO 9001, ISO 14001 e ISO 45001, os requisitos dos clientes, as boas pr\u00e1ticas de qualidade, meio ambiente e seguran\u00e7a, bem como as obriga\u00e7\u00f5es legais e regulamentares aplic\u00e1veis \u00e0 OPTIMISTIC, e a melhorar continuamente a efic\u00e1cia do seu Sistema de Gest\u00e3o.<\/p>\n<p style=\"text-align: right;\">5 de Fevereiro de 2025<\/p>\n","protected":false},"excerpt":{"rendered":"<p>O \u00e2mbito do Sistema de Gest\u00e3o de acordo com os requerimentos de ISO 9001 \u00e9 \u201cConce\u00e7\u00e3o, produ\u00e7\u00e3o e comercializa\u00e7\u00e3o de equipamentos rotativos, assim como assist\u00eancia t\u00e9cnica\u201d.<span class=\"excerpt-hellip\"> [\u2026]<\/span><\/p>\n","protected":false},"author":1,"featured_media":0,"parent":0,"menu_order":0,"comment_status":"closed","ping_status":"closed","template":"","meta":{"footnotes":""},"class_list":["post-2298","page","type-page","status-publish","hentry"],"yoast_head":"<!-- This site is optimized with the Yoast SEO plugin v27.2 - https:\/\/yoast.com\/product\/yoast-seo-wordpress\/ -->\n<title>Pol\u00edtica de Sistema de Gest\u00e3o - OPTIMISTIC<\/title>\n<meta name=\"robots\" content=\"index, follow, max-snippet:-1, max-image-preview:large, max-video-preview:-1\" \/>\n<link rel=\"canonical\" href=\"https:\/\/optimistic.pt\/pt-pt\/politica-sistemas-gestao\/\" \/>\n<meta property=\"og:locale\" content=\"pt_PT\" \/>\n<meta property=\"og:type\" content=\"article\" \/>\n<meta property=\"og:title\" content=\"Pol\u00edtica de Sistema de Gest\u00e3o - OPTIMISTIC\" \/>\n<meta property=\"og:description\" content=\"O \u00e2mbito do Sistema de Gest\u00e3o de acordo com os requerimentos de ISO 9001 \u00e9 \u201cConce\u00e7\u00e3o, produ\u00e7\u00e3o e comercializa\u00e7\u00e3o de equipamentos rotativos, assim como assist\u00eancia t\u00e9cnica\u201d. [\u2026]\" \/>\n<meta property=\"og:url\" content=\"https:\/\/optimistic.pt\/pt-pt\/politica-sistemas-gestao\/\" \/>\n<meta property=\"og:site_name\" content=\"OPTIMISTIC\" \/>\n<meta property=\"article:modified_time\" content=\"2025-02-13T12:37:41+00:00\" \/>\n<meta name=\"twitter:card\" content=\"summary_large_image\" \/>\n<meta name=\"twitter:label1\" content=\"Tempo estimado de leitura\" \/>\n\t<meta name=\"twitter:data1\" content=\"3 minutos\" \/>\n<script type=\"application\/ld+json\" class=\"yoast-schema-graph\">{\"@context\":\"https:\/\/schema.org\",\"@graph\":[{\"@type\":\"WebPage\",\"@id\":\"https:\/\/optimistic.pt\/pt-pt\/politica-sistemas-gestao\/\",\"url\":\"https:\/\/optimistic.pt\/pt-pt\/politica-sistemas-gestao\/\",\"name\":\"Pol\u00edtica de Sistema de Gest\u00e3o - OPTIMISTIC\",\"isPartOf\":{\"@id\":\"https:\/\/optimistic.pt\/pt-pt\/#website\"},\"datePublished\":\"2023-11-14T14:55:43+00:00\",\"dateModified\":\"2025-02-13T12:37:41+00:00\",\"breadcrumb\":{\"@id\":\"https:\/\/optimistic.pt\/pt-pt\/politica-sistemas-gestao\/#breadcrumb\"},\"inLanguage\":\"pt-PT\",\"potentialAction\":[{\"@type\":\"ReadAction\",\"target\":[\"https:\/\/optimistic.pt\/pt-pt\/politica-sistemas-gestao\/\"]}]},{\"@type\":\"BreadcrumbList\",\"@id\":\"https:\/\/optimistic.pt\/pt-pt\/politica-sistemas-gestao\/#breadcrumb\",\"itemListElement\":[{\"@type\":\"ListItem\",\"position\":1,\"name\":\"In\u00edcio\",\"item\":\"https:\/\/optimistic.pt\/pt-pt\/\"},{\"@type\":\"ListItem\",\"position\":2,\"name\":\"Pol\u00edtica de Sistema de Gest\u00e3o\"}]},{\"@type\":\"WebSite\",\"@id\":\"https:\/\/optimistic.pt\/pt-pt\/#website\",\"url\":\"https:\/\/optimistic.pt\/pt-pt\/\",\"name\":\"OPTIMISTIC\",\"description\":\"Equipamento Rotativo\",\"publisher\":{\"@id\":\"https:\/\/optimistic.pt\/pt-pt\/#organization\"},\"potentialAction\":[{\"@type\":\"SearchAction\",\"target\":{\"@type\":\"EntryPoint\",\"urlTemplate\":\"https:\/\/optimistic.pt\/pt-pt\/?s={search_term_string}\"},\"query-input\":{\"@type\":\"PropertyValueSpecification\",\"valueRequired\":true,\"valueName\":\"search_term_string\"}}],\"inLanguage\":\"pt-PT\"},{\"@type\":\"Organization\",\"@id\":\"https:\/\/optimistic.pt\/pt-pt\/#organization\",\"name\":\"OPTIMISTIC\",\"url\":\"https:\/\/optimistic.pt\/pt-pt\/\",\"logo\":{\"@type\":\"ImageObject\",\"inLanguage\":\"pt-PT\",\"@id\":\"https:\/\/optimistic.pt\/pt-pt\/#\/schema\/logo\/image\/\",\"url\":\"https:\/\/optimistic.pt\/wp-content\/uploads\/2023\/05\/logo_OPTIMISTIC_s_designa_alto_rgb.png\",\"contentUrl\":\"https:\/\/optimistic.pt\/wp-content\/uploads\/2023\/05\/logo_OPTIMISTIC_s_designa_alto_rgb.png\",\"width\":2062,\"height\":916,\"caption\":\"OPTIMISTIC\"},\"image\":{\"@id\":\"https:\/\/optimistic.pt\/pt-pt\/#\/schema\/logo\/image\/\"}}]}<\/script>\n<!-- \/ Yoast SEO plugin. -->","yoast_head_json":{"title":"Pol\u00edtica de Sistema de Gest\u00e3o - OPTIMISTIC","robots":{"index":"index","follow":"follow","max-snippet":"max-snippet:-1","max-image-preview":"max-image-preview:large","max-video-preview":"max-video-preview:-1"},"canonical":"https:\/\/optimistic.pt\/pt-pt\/politica-sistemas-gestao\/","og_locale":"pt_PT","og_type":"article","og_title":"Pol\u00edtica de Sistema de Gest\u00e3o - OPTIMISTIC","og_description":"O \u00e2mbito do Sistema de Gest\u00e3o de acordo com os requerimentos de ISO 9001 \u00e9 \u201cConce\u00e7\u00e3o, produ\u00e7\u00e3o e comercializa\u00e7\u00e3o de equipamentos rotativos, assim como assist\u00eancia t\u00e9cnica\u201d. [\u2026]","og_url":"https:\/\/optimistic.pt\/pt-pt\/politica-sistemas-gestao\/","og_site_name":"OPTIMISTIC","article_modified_time":"2025-02-13T12:37:41+00:00","twitter_card":"summary_large_image","twitter_misc":{"Tempo estimado de leitura":"3 minutos"},"schema":{"@context":"https:\/\/schema.org","@graph":[{"@type":"WebPage","@id":"https:\/\/optimistic.pt\/pt-pt\/politica-sistemas-gestao\/","url":"https:\/\/optimistic.pt\/pt-pt\/politica-sistemas-gestao\/","name":"Pol\u00edtica de Sistema de Gest\u00e3o - OPTIMISTIC","isPartOf":{"@id":"https:\/\/optimistic.pt\/pt-pt\/#website"},"datePublished":"2023-11-14T14:55:43+00:00","dateModified":"2025-02-13T12:37:41+00:00","breadcrumb":{"@id":"https:\/\/optimistic.pt\/pt-pt\/politica-sistemas-gestao\/#breadcrumb"},"inLanguage":"pt-PT","potentialAction":[{"@type":"ReadAction","target":["https:\/\/optimistic.pt\/pt-pt\/politica-sistemas-gestao\/"]}]},{"@type":"BreadcrumbList","@id":"https:\/\/optimistic.pt\/pt-pt\/politica-sistemas-gestao\/#breadcrumb","itemListElement":[{"@type":"ListItem","position":1,"name":"In\u00edcio","item":"https:\/\/optimistic.pt\/pt-pt\/"},{"@type":"ListItem","position":2,"name":"Pol\u00edtica de Sistema de Gest\u00e3o"}]},{"@type":"WebSite","@id":"https:\/\/optimistic.pt\/pt-pt\/#website","url":"https:\/\/optimistic.pt\/pt-pt\/","name":"OPTIMISTIC","description":"Equipamento Rotativo","publisher":{"@id":"https:\/\/optimistic.pt\/pt-pt\/#organization"},"potentialAction":[{"@type":"SearchAction","target":{"@type":"EntryPoint","urlTemplate":"https:\/\/optimistic.pt\/pt-pt\/?s={search_term_string}"},"query-input":{"@type":"PropertyValueSpecification","valueRequired":true,"valueName":"search_term_string"}}],"inLanguage":"pt-PT"},{"@type":"Organization","@id":"https:\/\/optimistic.pt\/pt-pt\/#organization","name":"OPTIMISTIC","url":"https:\/\/optimistic.pt\/pt-pt\/","logo":{"@type":"ImageObject","inLanguage":"pt-PT","@id":"https:\/\/optimistic.pt\/pt-pt\/#\/schema\/logo\/image\/","url":"https:\/\/optimistic.pt\/wp-content\/uploads\/2023\/05\/logo_OPTIMISTIC_s_designa_alto_rgb.png","contentUrl":"https:\/\/optimistic.pt\/wp-content\/uploads\/2023\/05\/logo_OPTIMISTIC_s_designa_alto_rgb.png","width":2062,"height":916,"caption":"OPTIMISTIC"},"image":{"@id":"https:\/\/optimistic.pt\/pt-pt\/#\/schema\/logo\/image\/"}}]}},"_links":{"self":[{"href":"https:\/\/optimistic.pt\/pt-pt\/wp-json\/wp\/v2\/pages\/2298","targetHints":{"allow":["GET"]}}],"collection":[{"href":"https:\/\/optimistic.pt\/pt-pt\/wp-json\/wp\/v2\/pages"}],"about":[{"href":"https:\/\/optimistic.pt\/pt-pt\/wp-json\/wp\/v2\/types\/page"}],"author":[{"embeddable":true,"href":"https:\/\/optimistic.pt\/pt-pt\/wp-json\/wp\/v2\/users\/1"}],"replies":[{"embeddable":true,"href":"https:\/\/optimistic.pt\/pt-pt\/wp-json\/wp\/v2\/comments?post=2298"}],"version-history":[{"count":12,"href":"https:\/\/optimistic.pt\/pt-pt\/wp-json\/wp\/v2\/pages\/2298\/revisions"}],"predecessor-version":[{"id":3259,"href":"https:\/\/optimistic.pt\/pt-pt\/wp-json\/wp\/v2\/pages\/2298\/revisions\/3259"}],"wp:attachment":[{"href":"https:\/\/optimistic.pt\/pt-pt\/wp-json\/wp\/v2\/media?parent=2298"}],"curies":[{"name":"wp","href":"https:\/\/api.w.org\/{rel}","templated":true}]}}