{"id":1548,"date":"2023-06-21T14:41:19","date_gmt":"2023-06-21T14:41:19","guid":{"rendered":"https:\/\/optimistic.pt\/?page_id=1548"},"modified":"2023-10-02T11:07:39","modified_gmt":"2023-10-02T11:07:39","slug":"politica-de-privacidade","status":"publish","type":"page","link":"https:\/\/optimistic.pt\/pt-pt\/politica-de-privacidade\/","title":{"rendered":"Pol\u00edtica de Privacidade"},"content":{"rendered":"<p>Damos grande import\u00e2ncia \u00e0 prote\u00e7\u00e3o de sua privacidade. \u00c9 pol\u00edtica da OPTIMISTIC respeitar sua privacidade em rela\u00e7\u00e3o a todas as informa\u00e7\u00f5es sobre o visitante do site que podemos reunir no site da OPTIMISTIC e em outros sites da nossa propriedade e operados por n\u00f3s.<\/p>\n<p>S\u00f3 pedimos informa\u00e7\u00f5es pessoais quando realmente precisamos delas para fornecer-lhe um servi\u00e7o. Fazemos isso por meios justos e legais, com seu conhecimento e consentimento. Tamb\u00e9m informamos por que coletamos essas informa\u00e7\u00f5es e como elas ser\u00e3o usadas.<\/p>\n<p>Mantemos as informa\u00e7\u00f5es reunidas apenas pelo tempo necess\u00e1rio para fornecer o servi\u00e7o solicitado. Quando armazenamos dados, n\u00f3s protegemo-los por meios comercialmente aceit\u00e1veis \u200b\u200bpara evitar perda e roubo, bem como acesso n\u00e3o autorizado, divulga\u00e7\u00e3o, c\u00f3pia, uso ou modifica\u00e7\u00e3o.<\/p>\n<p>N\u00e3o partilhamos informa\u00e7\u00f5es de identifica\u00e7\u00e3o pessoal com o p\u00fablico ou terceiros, exceto conforme exigido por lei.<\/p>\n<p>O nosso site pode conter links para sites externos que n\u00e3o s\u00e3o operados por n\u00f3s. Note-se que n\u00e3o temos controle sobre o conte\u00fado e as pr\u00e1ticas desses sites e n\u00e3o podemos ser responsabilizados por suas respetivas pol\u00edticas de privacidade.<\/p>\n<p>Voc\u00ea \u00e9 livre para recusar a nossa solicita\u00e7\u00e3o de informa\u00e7\u00f5es pessoais, com o entendimento de que talvez n\u00e3o possamos fornecer alguns dos servi\u00e7os de que voc\u00ea precisa.<\/p>\n<p>Ao continuar a usar o nosso site, voc\u00ea concorda com as nossas pr\u00e1ticas de privacidade e prote\u00e7\u00e3o de informa\u00e7\u00f5es pessoais. Se voc\u00ea tiver alguma d\u00favida sobre como lidamos com os dados do usu\u00e1rio e informa\u00e7\u00f5es pessoais, n\u00e3o hesite em contatar-nos.<\/p>\n<p>\u2022 O servi\u00e7o Google AdSense que usamos para veicular an\u00fancios usa um cookie DoubleClick para veicular an\u00fancios mais relevantes na web e para limitar o n\u00famero de vezes que um determinado an\u00fancio \u00e9 exibido para si;<\/p>\n<p>\u2022 Para obter mais informa\u00e7\u00f5es sobre o Google AdSense, consulte as Perguntas frequentes sobre privacidade do Google AdSense;<\/p>\n<p>\u2022 Usamos an\u00fancios para compensar os custos de execu\u00e7\u00e3o deste site e para financiar o desenvolvimento futuro. Os cookies de publicidade comportamental usados por este site s\u00e3o projetados para garantir que voc\u00ea receba os an\u00fancios mais relevantes poss\u00edveis, rastreando anonimamente seus interesses e mostrando coisas semelhantes que podem ser do seu interesse;<\/p>\n<p>\u2022 V\u00e1rios parceiros anunciam no nosso nome e os cookies de rastreamento de afiliados simplesmente permitiram-nos verificar se os nossos clientes acederam ao site por meio de um de nossos sites parceiros para que possamos credit\u00e1-los adequadamente e, se for o caso, permitir que os nossos parceiros afiliados ofere\u00e7am promo\u00e7\u00f5es que pode fornecer a si uma oportunidade de fazer uma compra.<\/p>\n<p>&nbsp;<\/p>\n<h3>Comprometimento do Utilizador<\/h3>\n<p>O utilizador compromete-se a fazer um uso adequado dos conte\u00fados e informa\u00e7\u00f5es que a OPTIMISTIC oferece no site e a (a t\u00edtulo enunciativo mas n\u00e3o limitativo):<br \/>\n\u2022 A) N\u00e3o praticar atividades ilegais ou contr\u00e1rias \u00e0 boa f\u00e9 e \u00e0 ordem p\u00fablica;<br \/>\n\u2022 B) N\u00e3o divulgar propaganda ou conte\u00fado de cunho racista, xen\u00f3fobo, sites de apostas ou aleat\u00f3rio, qualquer tipo de pornografia ilegal, apologia ao terrorismo ou contra os direitos humanos;<br \/>\n\u2022 C) N\u00e3o causar danos aos sistemas f\u00edsicos (hardware) e software (software) da OPTIMISTIC, dos seus fornecedores ou terceiros, introduzir ou disseminar v\u00edrus inform\u00e1ticos ou qualquer outro sistema de hardware ou software poss\u00edvel de causar os referidos danos.<\/p>\n<p>&nbsp;<\/p>\n<h3>Mais Informa\u00e7\u00f5es<\/h3>\n<p>Esperamos ter esclarecido este ponto e, conforme mencionado anteriormente, se voc\u00ea n\u00e3o tiver certeza se precisa deles, geralmente \u00e9 mais seguro deixar os cookies ativados se voc\u00ea interagir com qualquer uma das fun\u00e7\u00f5es que usa no nosso site.<\/p>\n<p>&nbsp;<\/p>\n<h3>Pol\u00edtica de Cookies<\/h3>\n<p>Esta \u00e9 a pol\u00edtica de cookies para www.optimistic.pt, acess\u00edvel a partir deste mesmo URL.<\/p>\n<p>&nbsp;<\/p>\n<h3>O que s\u00e3o cookies<\/h3>\n<p>Como \u00e9 pr\u00e1tica comum em quase todos os sites profissionais, este site usa cookies, que s\u00e3o pequenos arquivos descarregados no seu computador, para melhorar sua experi\u00eancia. Esta p\u00e1gina descreve quais informa\u00e7\u00f5es eles re\u00fanem, como as usamos e por que \u00e0s vezes precisamos armazenar esses cookies. Tamb\u00e9m partilharemos como voc\u00ea pode impedir que esses cookies sejam armazenados, no entanto, isso pode prejudicar ou interromper alguns elementos da funcionalidade do site.<\/p>\n<p>&nbsp;<\/p>\n<h3>Como utilizamos os Cookies<\/h3>\n<p>Usamos cookies por v\u00e1rios motivos detalhados abaixo. Infelizmente, na maioria dos casos, n\u00e3o h\u00e1 op\u00e7\u00f5es padr\u00e3o do setor para desabilitar cookies sem desabilitar completamente os recursos e funcionalidades que eles adicionam a este site. \u00c9 recomend\u00e1vel que voc\u00ea deixe todos os cookies ativados se n\u00e3o tiver certeza se precisa deles ou n\u00e3o, caso sejam usados para fornecer um servi\u00e7o que voc\u00ea usa.<\/p>\n<p>&nbsp;<\/p>\n<h3>Desativar os Cookies<\/h3>\n<p>Voc\u00ea pode impedir a instala\u00e7\u00e3o de cookies ajustando as configura\u00e7\u00f5es do seu navegador (consulte a ajuda do seu navegador para saber como fazer isso). Esteja ciente de que desativar os cookies afetar\u00e1 a funcionalidade deste site e de muitos outros sites que voc\u00ea visitar. A desativa\u00e7\u00e3o de cookies geralmente desativar\u00e1 certas funcionalidades e recursos deste site. Portanto, \u00e9 recomend\u00e1vel n\u00e3o desativar os cookies.<\/p>\n<p>&nbsp;<\/p>\n<h3>Cookies de terceiros<\/h3>\n<p>Em alguns casos especiais, tamb\u00e9m usamos cookies fornecidos por terceiros confi\u00e1veis. A se\u00e7\u00e3o a seguir detalha os cookies de terceiros que voc\u00ea pode encontrar neste site.<\/p>\n","protected":false},"excerpt":{"rendered":"<p>Damos grande import\u00e2ncia \u00e0 prote\u00e7\u00e3o de sua privacidade. \u00c9 pol\u00edtica da OPTIMISTIC respeitar sua privacidade em rela\u00e7\u00e3o a todas as informa\u00e7\u00f5es sobre o visitante do site<span class=\"excerpt-hellip\"> [\u2026]<\/span><\/p>\n","protected":false},"author":1,"featured_media":0,"parent":0,"menu_order":0,"comment_status":"closed","ping_status":"open","template":"","meta":{"footnotes":""},"class_list":["post-1548","page","type-page","status-publish","hentry"],"yoast_head":"<!-- This site is optimized with the Yoast SEO plugin v27.2 - https:\/\/yoast.com\/product\/yoast-seo-wordpress\/ -->\n<title>Pol\u00edtica de Privacidade - OPTIMISTIC<\/title>\n<meta name=\"robots\" content=\"index, follow, max-snippet:-1, max-image-preview:large, max-video-preview:-1\" \/>\n<link rel=\"canonical\" href=\"https:\/\/optimistic.pt\/pt-pt\/politica-de-privacidade\/\" \/>\n<meta property=\"og:locale\" content=\"pt_PT\" \/>\n<meta property=\"og:type\" content=\"article\" \/>\n<meta property=\"og:title\" content=\"Pol\u00edtica de Privacidade - OPTIMISTIC\" \/>\n<meta property=\"og:description\" content=\"Damos grande import\u00e2ncia \u00e0 prote\u00e7\u00e3o de sua privacidade. \u00c9 pol\u00edtica da OPTIMISTIC respeitar sua privacidade em rela\u00e7\u00e3o a todas as informa\u00e7\u00f5es sobre o visitante do site [\u2026]\" \/>\n<meta property=\"og:url\" content=\"https:\/\/optimistic.pt\/pt-pt\/politica-de-privacidade\/\" \/>\n<meta property=\"og:site_name\" content=\"OPTIMISTIC\" \/>\n<meta property=\"article:modified_time\" content=\"2023-10-02T11:07:39+00:00\" \/>\n<meta name=\"twitter:card\" content=\"summary_large_image\" \/>\n<meta name=\"twitter:label1\" content=\"Tempo estimado de leitura\" \/>\n\t<meta name=\"twitter:data1\" content=\"5 minutos\" \/>\n<script type=\"application\/ld+json\" class=\"yoast-schema-graph\">{\"@context\":\"https:\/\/schema.org\",\"@graph\":[{\"@type\":\"WebPage\",\"@id\":\"https:\/\/optimistic.pt\/pt-pt\/politica-de-privacidade\/\",\"url\":\"https:\/\/optimistic.pt\/pt-pt\/politica-de-privacidade\/\",\"name\":\"Pol\u00edtica de Privacidade - OPTIMISTIC\",\"isPartOf\":{\"@id\":\"https:\/\/optimistic.pt\/pt-pt\/#website\"},\"datePublished\":\"2023-06-21T14:41:19+00:00\",\"dateModified\":\"2023-10-02T11:07:39+00:00\",\"breadcrumb\":{\"@id\":\"https:\/\/optimistic.pt\/pt-pt\/politica-de-privacidade\/#breadcrumb\"},\"inLanguage\":\"pt-PT\",\"potentialAction\":[{\"@type\":\"ReadAction\",\"target\":[\"https:\/\/optimistic.pt\/pt-pt\/politica-de-privacidade\/\"]}]},{\"@type\":\"BreadcrumbList\",\"@id\":\"https:\/\/optimistic.pt\/pt-pt\/politica-de-privacidade\/#breadcrumb\",\"itemListElement\":[{\"@type\":\"ListItem\",\"position\":1,\"name\":\"In\u00edcio\",\"item\":\"https:\/\/optimistic.pt\/pt-pt\/\"},{\"@type\":\"ListItem\",\"position\":2,\"name\":\"Pol\u00edtica de Privacidade\"}]},{\"@type\":\"WebSite\",\"@id\":\"https:\/\/optimistic.pt\/pt-pt\/#website\",\"url\":\"https:\/\/optimistic.pt\/pt-pt\/\",\"name\":\"OPTIMISTIC\",\"description\":\"Equipamento Rotativo\",\"publisher\":{\"@id\":\"https:\/\/optimistic.pt\/pt-pt\/#organization\"},\"potentialAction\":[{\"@type\":\"SearchAction\",\"target\":{\"@type\":\"EntryPoint\",\"urlTemplate\":\"https:\/\/optimistic.pt\/pt-pt\/?s={search_term_string}\"},\"query-input\":{\"@type\":\"PropertyValueSpecification\",\"valueRequired\":true,\"valueName\":\"search_term_string\"}}],\"inLanguage\":\"pt-PT\"},{\"@type\":\"Organization\",\"@id\":\"https:\/\/optimistic.pt\/pt-pt\/#organization\",\"name\":\"OPTIMISTIC\",\"url\":\"https:\/\/optimistic.pt\/pt-pt\/\",\"logo\":{\"@type\":\"ImageObject\",\"inLanguage\":\"pt-PT\",\"@id\":\"https:\/\/optimistic.pt\/pt-pt\/#\/schema\/logo\/image\/\",\"url\":\"https:\/\/optimistic.pt\/wp-content\/uploads\/2023\/05\/logo_OPTIMISTIC_s_designa_alto_rgb.png\",\"contentUrl\":\"https:\/\/optimistic.pt\/wp-content\/uploads\/2023\/05\/logo_OPTIMISTIC_s_designa_alto_rgb.png\",\"width\":2062,\"height\":916,\"caption\":\"OPTIMISTIC\"},\"image\":{\"@id\":\"https:\/\/optimistic.pt\/pt-pt\/#\/schema\/logo\/image\/\"}}]}<\/script>\n<!-- \/ Yoast SEO plugin. -->","yoast_head_json":{"title":"Pol\u00edtica de Privacidade - OPTIMISTIC","robots":{"index":"index","follow":"follow","max-snippet":"max-snippet:-1","max-image-preview":"max-image-preview:large","max-video-preview":"max-video-preview:-1"},"canonical":"https:\/\/optimistic.pt\/pt-pt\/politica-de-privacidade\/","og_locale":"pt_PT","og_type":"article","og_title":"Pol\u00edtica de Privacidade - OPTIMISTIC","og_description":"Damos grande import\u00e2ncia \u00e0 prote\u00e7\u00e3o de sua privacidade. \u00c9 pol\u00edtica da OPTIMISTIC respeitar sua privacidade em rela\u00e7\u00e3o a todas as informa\u00e7\u00f5es sobre o visitante do site [\u2026]","og_url":"https:\/\/optimistic.pt\/pt-pt\/politica-de-privacidade\/","og_site_name":"OPTIMISTIC","article_modified_time":"2023-10-02T11:07:39+00:00","twitter_card":"summary_large_image","twitter_misc":{"Tempo estimado de leitura":"5 minutos"},"schema":{"@context":"https:\/\/schema.org","@graph":[{"@type":"WebPage","@id":"https:\/\/optimistic.pt\/pt-pt\/politica-de-privacidade\/","url":"https:\/\/optimistic.pt\/pt-pt\/politica-de-privacidade\/","name":"Pol\u00edtica de Privacidade - OPTIMISTIC","isPartOf":{"@id":"https:\/\/optimistic.pt\/pt-pt\/#website"},"datePublished":"2023-06-21T14:41:19+00:00","dateModified":"2023-10-02T11:07:39+00:00","breadcrumb":{"@id":"https:\/\/optimistic.pt\/pt-pt\/politica-de-privacidade\/#breadcrumb"},"inLanguage":"pt-PT","potentialAction":[{"@type":"ReadAction","target":["https:\/\/optimistic.pt\/pt-pt\/politica-de-privacidade\/"]}]},{"@type":"BreadcrumbList","@id":"https:\/\/optimistic.pt\/pt-pt\/politica-de-privacidade\/#breadcrumb","itemListElement":[{"@type":"ListItem","position":1,"name":"In\u00edcio","item":"https:\/\/optimistic.pt\/pt-pt\/"},{"@type":"ListItem","position":2,"name":"Pol\u00edtica de Privacidade"}]},{"@type":"WebSite","@id":"https:\/\/optimistic.pt\/pt-pt\/#website","url":"https:\/\/optimistic.pt\/pt-pt\/","name":"OPTIMISTIC","description":"Equipamento Rotativo","publisher":{"@id":"https:\/\/optimistic.pt\/pt-pt\/#organization"},"potentialAction":[{"@type":"SearchAction","target":{"@type":"EntryPoint","urlTemplate":"https:\/\/optimistic.pt\/pt-pt\/?s={search_term_string}"},"query-input":{"@type":"PropertyValueSpecification","valueRequired":true,"valueName":"search_term_string"}}],"inLanguage":"pt-PT"},{"@type":"Organization","@id":"https:\/\/optimistic.pt\/pt-pt\/#organization","name":"OPTIMISTIC","url":"https:\/\/optimistic.pt\/pt-pt\/","logo":{"@type":"ImageObject","inLanguage":"pt-PT","@id":"https:\/\/optimistic.pt\/pt-pt\/#\/schema\/logo\/image\/","url":"https:\/\/optimistic.pt\/wp-content\/uploads\/2023\/05\/logo_OPTIMISTIC_s_designa_alto_rgb.png","contentUrl":"https:\/\/optimistic.pt\/wp-content\/uploads\/2023\/05\/logo_OPTIMISTIC_s_designa_alto_rgb.png","width":2062,"height":916,"caption":"OPTIMISTIC"},"image":{"@id":"https:\/\/optimistic.pt\/pt-pt\/#\/schema\/logo\/image\/"}}]}},"_links":{"self":[{"href":"https:\/\/optimistic.pt\/pt-pt\/wp-json\/wp\/v2\/pages\/1548","targetHints":{"allow":["GET"]}}],"collection":[{"href":"https:\/\/optimistic.pt\/pt-pt\/wp-json\/wp\/v2\/pages"}],"about":[{"href":"https:\/\/optimistic.pt\/pt-pt\/wp-json\/wp\/v2\/types\/page"}],"author":[{"embeddable":true,"href":"https:\/\/optimistic.pt\/pt-pt\/wp-json\/wp\/v2\/users\/1"}],"replies":[{"embeddable":true,"href":"https:\/\/optimistic.pt\/pt-pt\/wp-json\/wp\/v2\/comments?post=1548"}],"version-history":[{"count":6,"href":"https:\/\/optimistic.pt\/pt-pt\/wp-json\/wp\/v2\/pages\/1548\/revisions"}],"predecessor-version":[{"id":1880,"href":"https:\/\/optimistic.pt\/pt-pt\/wp-json\/wp\/v2\/pages\/1548\/revisions\/1880"}],"wp:attachment":[{"href":"https:\/\/optimistic.pt\/pt-pt\/wp-json\/wp\/v2\/media?parent=1548"}],"curies":[{"name":"wp","href":"https:\/\/api.w.org\/{rel}","templated":true}]}}