{"id":2419,"date":"2023-12-04T12:18:26","date_gmt":"2023-12-04T12:18:26","guid":{"rendered":"https:\/\/optimistic.pt\/suppliers-performance-evaluat\/"},"modified":"2025-01-16T15:53:20","modified_gmt":"2025-01-16T15:53:20","slug":"suppliers-performance-evaluat","status":"publish","type":"page","link":"https:\/\/optimistic.pt\/fr\/suppliers-performance-evaluat\/","title":{"rendered":"\u00c9valuation de la performance des fournisseurs"},"content":{"rendered":"<h3><strong>Crit\u00e8res d&rsquo;\u00c9valuation des Fournisseurs Externes<\/strong><\/h3>\n<table>\n<thead>\n<tr>\n<th><span style=\"color: #000000;\"><strong>Valeur<\/strong><\/span><\/th>\n<th><span style=\"color: #000000;\"><strong>Prix<\/strong><\/span><\/th>\n<th><span style=\"color: #000000;\"><strong>Capacit\u00e9 d\u2019Envoi de Proposition<\/strong><\/span><\/th>\n<th><span style=\"color: #000000;\"><strong>Respect du D\u00e9lai de Production Convenu<\/strong><\/span><\/th>\n<th><span style=\"color: #000000;\"><strong>Modalit\u00e9s de Paiement<\/strong><\/span><\/th>\n<th><span style=\"color: #000000;\"><strong>Nombre de R\u00e9clamations<\/strong><\/span><\/th>\n<th><span style=\"color: #000000;\"><strong>Proc\u00e9dures \/ Mesures de Contr\u00f4le \/ Bonnes Pratiques \/ Respect des Obligations Environnementales et SST<\/strong><\/span><\/th>\n<\/tr>\n<\/thead>\n<tbody>\n<tr>\n<td>4<\/td>\n<td>Meilleur prix du march\u00e9<\/td>\n<td>Imm\u00e9diat (48 heures)<\/td>\n<td>Toujours respect\u00e9<\/td>\n<td>\u00c9chelonn\u00e9 avec la derni\u00e8re partie apr\u00e8s r\u00e9ception<\/td>\n<td>0<\/td>\n<td>Entreprise certifi\u00e9e en environnement et\/ou SST. Aucune donn\u00e9e.<\/td>\n<\/tr>\n<tr>\n<td>3<\/td>\n<td>2\u1d49 meilleur prix<\/td>\n<td>Jusqu&rsquo;\u00e0 1 mois<\/td>\n<td>Non respect\u00e9 une fois l&rsquo;ann\u00e9e derni\u00e8re<\/td>\n<td>\u00c9chelonn\u00e9 avec la derni\u00e8re partie pay\u00e9e \u00e0 l\u2019envoi<\/td>\n<td>&#8212;<\/td>\n<td>Bonnes pratiques environnementales et\/ou SST dans les produits ou services. Origine UE \u2013 conformit\u00e9 l\u00e9gale. Petits d\u00e9fauts rapidement corrig\u00e9s.<\/td>\n<\/tr>\n<tr>\n<td>2<\/td>\n<td>3\u1d49 meilleur prix<\/td>\n<td>Jusqu&rsquo;\u00e0 2 mois<\/td>\n<td>Non respect\u00e9 plus d&rsquo;une fois l&rsquo;ann\u00e9e derni\u00e8re<\/td>\n<td>Paiement total avant exp\u00e9dition<\/td>\n<td>&#8212;<\/td>\n<td>D\u00e9fauts majeurs dans l&rsquo;ex\u00e9cution du service\/produit au niveau environnemental ou SST.<\/td>\n<\/tr>\n<tr>\n<td>1<\/td>\n<td>Prix le plus cher du march\u00e9<\/td>\n<td>Plus de 2 mois<\/td>\n<td>Ne respecte jamais le d\u00e9lai convenu<\/td>\n<td>Paiement total avant le d\u00e9but de fabrication<\/td>\n<td>&gt;1<\/td>\n<td>Non-conformit\u00e9s d\u00e9tect\u00e9es dans les obligations de conformit\u00e9 \/ Proc\u00e9dures \/ Ex\u00e9cution du service avec des impacts environnementaux graves \/ risques SST.<\/td>\n<\/tr>\n<\/tbody>\n<\/table>\n","protected":false},"excerpt":{"rendered":"<p>Crit\u00e8res d&rsquo;\u00c9valuation des Fournisseurs Externes Valeur Prix Capacit\u00e9 d\u2019Envoi de Proposition Respect du D\u00e9lai de Production Convenu Modalit\u00e9s de Paiement Nombre de R\u00e9clamations Proc\u00e9dures \/ Mesures<span class=\"excerpt-hellip\"> [\u2026]<\/span><\/p>\n","protected":false},"author":1,"featured_media":0,"parent":0,"menu_order":0,"comment_status":"closed","ping_status":"closed","template":"","meta":{"footnotes":""},"class_list":["post-2419","page","type-page","status-publish","hentry"],"yoast_head":"<!-- This site is optimized with the Yoast SEO plugin v27.2 - https:\/\/yoast.com\/product\/yoast-seo-wordpress\/ -->\n<title>\u00c9valuation de la performance des fournisseurs - OPTIMISTIC<\/title>\n<meta name=\"robots\" content=\"index, follow, max-snippet:-1, max-image-preview:large, max-video-preview:-1\" \/>\n<link rel=\"canonical\" href=\"https:\/\/optimistic.pt\/fr\/suppliers-performance-evaluat\/\" \/>\n<meta property=\"og:locale\" content=\"fr_FR\" \/>\n<meta property=\"og:type\" content=\"article\" \/>\n<meta property=\"og:title\" content=\"\u00c9valuation de la performance des fournisseurs - OPTIMISTIC\" \/>\n<meta property=\"og:description\" content=\"Crit\u00e8res d&rsquo;\u00c9valuation des Fournisseurs Externes Valeur Prix Capacit\u00e9 d\u2019Envoi de Proposition Respect du D\u00e9lai de Production Convenu Modalit\u00e9s de Paiement Nombre de R\u00e9clamations Proc\u00e9dures \/ Mesures [\u2026]\" \/>\n<meta property=\"og:url\" content=\"https:\/\/optimistic.pt\/fr\/suppliers-performance-evaluat\/\" \/>\n<meta property=\"og:site_name\" content=\"OPTIMISTIC\" \/>\n<meta property=\"article:modified_time\" content=\"2025-01-16T15:53:20+00:00\" \/>\n<meta name=\"twitter:card\" content=\"summary_large_image\" \/>\n<meta name=\"twitter:label1\" content=\"Dur\u00e9e de lecture estim\u00e9e\" \/>\n\t<meta name=\"twitter:data1\" content=\"1 minute\" \/>\n<script type=\"application\/ld+json\" class=\"yoast-schema-graph\">{\"@context\":\"https:\/\/schema.org\",\"@graph\":[{\"@type\":\"WebPage\",\"@id\":\"https:\/\/optimistic.pt\/fr\/suppliers-performance-evaluat\/\",\"url\":\"https:\/\/optimistic.pt\/fr\/suppliers-performance-evaluat\/\",\"name\":\"\u00c9valuation de la performance des fournisseurs - OPTIMISTIC\",\"isPartOf\":{\"@id\":\"https:\/\/optimistic.pt\/fr\/#website\"},\"datePublished\":\"2023-12-04T12:18:26+00:00\",\"dateModified\":\"2025-01-16T15:53:20+00:00\",\"breadcrumb\":{\"@id\":\"https:\/\/optimistic.pt\/fr\/suppliers-performance-evaluat\/#breadcrumb\"},\"inLanguage\":\"fr-FR\",\"potentialAction\":[{\"@type\":\"ReadAction\",\"target\":[\"https:\/\/optimistic.pt\/fr\/suppliers-performance-evaluat\/\"]}]},{\"@type\":\"BreadcrumbList\",\"@id\":\"https:\/\/optimistic.pt\/fr\/suppliers-performance-evaluat\/#breadcrumb\",\"itemListElement\":[{\"@type\":\"ListItem\",\"position\":1,\"name\":\"In\u00edcio\",\"item\":\"https:\/\/optimistic.pt\/fr\/\"},{\"@type\":\"ListItem\",\"position\":2,\"name\":\"\u00c9valuation de la performance des fournisseurs\"}]},{\"@type\":\"WebSite\",\"@id\":\"https:\/\/optimistic.pt\/fr\/#website\",\"url\":\"https:\/\/optimistic.pt\/fr\/\",\"name\":\"OPTIMISTIC\",\"description\":\"Equipamento Rotativo\",\"publisher\":{\"@id\":\"https:\/\/optimistic.pt\/fr\/#organization\"},\"potentialAction\":[{\"@type\":\"SearchAction\",\"target\":{\"@type\":\"EntryPoint\",\"urlTemplate\":\"https:\/\/optimistic.pt\/fr\/?s={search_term_string}\"},\"query-input\":{\"@type\":\"PropertyValueSpecification\",\"valueRequired\":true,\"valueName\":\"search_term_string\"}}],\"inLanguage\":\"fr-FR\"},{\"@type\":\"Organization\",\"@id\":\"https:\/\/optimistic.pt\/fr\/#organization\",\"name\":\"OPTIMISTIC\",\"url\":\"https:\/\/optimistic.pt\/fr\/\",\"logo\":{\"@type\":\"ImageObject\",\"inLanguage\":\"fr-FR\",\"@id\":\"https:\/\/optimistic.pt\/fr\/#\/schema\/logo\/image\/\",\"url\":\"https:\/\/optimistic.pt\/wp-content\/uploads\/2023\/05\/logo_OPTIMISTIC_s_designa_alto_rgb.png\",\"contentUrl\":\"https:\/\/optimistic.pt\/wp-content\/uploads\/2023\/05\/logo_OPTIMISTIC_s_designa_alto_rgb.png\",\"width\":2062,\"height\":916,\"caption\":\"OPTIMISTIC\"},\"image\":{\"@id\":\"https:\/\/optimistic.pt\/fr\/#\/schema\/logo\/image\/\"}}]}<\/script>\n<!-- \/ Yoast SEO plugin. -->","yoast_head_json":{"title":"\u00c9valuation de la performance des fournisseurs - OPTIMISTIC","robots":{"index":"index","follow":"follow","max-snippet":"max-snippet:-1","max-image-preview":"max-image-preview:large","max-video-preview":"max-video-preview:-1"},"canonical":"https:\/\/optimistic.pt\/fr\/suppliers-performance-evaluat\/","og_locale":"fr_FR","og_type":"article","og_title":"\u00c9valuation de la performance des fournisseurs - OPTIMISTIC","og_description":"Crit\u00e8res d&rsquo;\u00c9valuation des Fournisseurs Externes Valeur Prix Capacit\u00e9 d\u2019Envoi de Proposition Respect du D\u00e9lai de Production Convenu Modalit\u00e9s de Paiement Nombre de R\u00e9clamations Proc\u00e9dures \/ Mesures [\u2026]","og_url":"https:\/\/optimistic.pt\/fr\/suppliers-performance-evaluat\/","og_site_name":"OPTIMISTIC","article_modified_time":"2025-01-16T15:53:20+00:00","twitter_card":"summary_large_image","twitter_misc":{"Dur\u00e9e de lecture estim\u00e9e":"1 minute"},"schema":{"@context":"https:\/\/schema.org","@graph":[{"@type":"WebPage","@id":"https:\/\/optimistic.pt\/fr\/suppliers-performance-evaluat\/","url":"https:\/\/optimistic.pt\/fr\/suppliers-performance-evaluat\/","name":"\u00c9valuation de la performance des fournisseurs - OPTIMISTIC","isPartOf":{"@id":"https:\/\/optimistic.pt\/fr\/#website"},"datePublished":"2023-12-04T12:18:26+00:00","dateModified":"2025-01-16T15:53:20+00:00","breadcrumb":{"@id":"https:\/\/optimistic.pt\/fr\/suppliers-performance-evaluat\/#breadcrumb"},"inLanguage":"fr-FR","potentialAction":[{"@type":"ReadAction","target":["https:\/\/optimistic.pt\/fr\/suppliers-performance-evaluat\/"]}]},{"@type":"BreadcrumbList","@id":"https:\/\/optimistic.pt\/fr\/suppliers-performance-evaluat\/#breadcrumb","itemListElement":[{"@type":"ListItem","position":1,"name":"In\u00edcio","item":"https:\/\/optimistic.pt\/fr\/"},{"@type":"ListItem","position":2,"name":"\u00c9valuation de la performance des fournisseurs"}]},{"@type":"WebSite","@id":"https:\/\/optimistic.pt\/fr\/#website","url":"https:\/\/optimistic.pt\/fr\/","name":"OPTIMISTIC","description":"Equipamento Rotativo","publisher":{"@id":"https:\/\/optimistic.pt\/fr\/#organization"},"potentialAction":[{"@type":"SearchAction","target":{"@type":"EntryPoint","urlTemplate":"https:\/\/optimistic.pt\/fr\/?s={search_term_string}"},"query-input":{"@type":"PropertyValueSpecification","valueRequired":true,"valueName":"search_term_string"}}],"inLanguage":"fr-FR"},{"@type":"Organization","@id":"https:\/\/optimistic.pt\/fr\/#organization","name":"OPTIMISTIC","url":"https:\/\/optimistic.pt\/fr\/","logo":{"@type":"ImageObject","inLanguage":"fr-FR","@id":"https:\/\/optimistic.pt\/fr\/#\/schema\/logo\/image\/","url":"https:\/\/optimistic.pt\/wp-content\/uploads\/2023\/05\/logo_OPTIMISTIC_s_designa_alto_rgb.png","contentUrl":"https:\/\/optimistic.pt\/wp-content\/uploads\/2023\/05\/logo_OPTIMISTIC_s_designa_alto_rgb.png","width":2062,"height":916,"caption":"OPTIMISTIC"},"image":{"@id":"https:\/\/optimistic.pt\/fr\/#\/schema\/logo\/image\/"}}]}},"_links":{"self":[{"href":"https:\/\/optimistic.pt\/fr\/wp-json\/wp\/v2\/pages\/2419","targetHints":{"allow":["GET"]}}],"collection":[{"href":"https:\/\/optimistic.pt\/fr\/wp-json\/wp\/v2\/pages"}],"about":[{"href":"https:\/\/optimistic.pt\/fr\/wp-json\/wp\/v2\/types\/page"}],"author":[{"embeddable":true,"href":"https:\/\/optimistic.pt\/fr\/wp-json\/wp\/v2\/users\/1"}],"replies":[{"embeddable":true,"href":"https:\/\/optimistic.pt\/fr\/wp-json\/wp\/v2\/comments?post=2419"}],"version-history":[{"count":9,"href":"https:\/\/optimistic.pt\/fr\/wp-json\/wp\/v2\/pages\/2419\/revisions"}],"predecessor-version":[{"id":3239,"href":"https:\/\/optimistic.pt\/fr\/wp-json\/wp\/v2\/pages\/2419\/revisions\/3239"}],"wp:attachment":[{"href":"https:\/\/optimistic.pt\/fr\/wp-json\/wp\/v2\/media?parent=2419"}],"curies":[{"name":"wp","href":"https:\/\/api.w.org\/{rel}","templated":true}]}}