{"id":1422,"date":"2023-06-21T14:41:19","date_gmt":"2023-06-21T14:41:19","guid":{"rendered":"https:\/\/optimistic.pt\/privacy-policy\/"},"modified":"2023-07-19T09:20:16","modified_gmt":"2023-07-19T09:20:16","slug":"politique-de-confidentialite","status":"publish","type":"page","link":"https:\/\/optimistic.pt\/fr\/politique-de-confidentialite\/","title":{"rendered":"Politique de Confidentialit\u00e9"},"content":{"rendered":"<p>Nous accordons une grande importance \u00e0 la protection de votre vie priv\u00e9e. Optimistic a pour politique de respecter votre vie priv\u00e9e en ce qui concerne toutes les informations vous concernant que nous pouvons recueillir sur le site web d&rsquo;Optimistic et sur d&rsquo;autres sites web que nous poss\u00e9dons et exploitons.<\/p>\n<p>Nous ne demandons des informations \u00e0 caract\u00e8re personnel que lorsque nous en avons r\u00e9ellement besoin pour vous fournir un service. Nous le faisons par des moyens justes et l\u00e9gaux, avec votre connaissance et votre consentement. Nous vous informons \u00e9galement des raisons pour lesquelles nous recueillons ces informations et de la mani\u00e8re dont elles seront utilis\u00e9es.<\/p>\n<p>Nous ne conservons les informations collect\u00e9es que le temps n\u00e9cessaire pour fournir le service demand\u00e9. Lorsque nous stockons des donn\u00e9es, nous les prot\u00e9geons par des moyens commercialement acceptables afin d&rsquo;\u00e9viter la perte et le vol, ainsi que l&rsquo;acc\u00e8s, la divulgation, la copie, l&rsquo;utilisation ou la modification non autoris\u00e9s.<\/p>\n<p>Nous ne partageons pas les informations personnellement identifiables avec le public ou des tiers, sauf si la loi l&rsquo;exige.<\/p>\n<p>Notre site peut contenir des liens vers des sites web externes qui ne sont pas exploit\u00e9s par nous. Veuillez noter que nous n&rsquo;avons aucun contr\u00f4le sur le contenu et les pratiques de ces sites et que nous ne pouvons \u00eatre tenus responsables de leurs politiques respectives en mati\u00e8re de protection de la vie priv\u00e9e.<\/p>\n<p>Vous \u00eates libre de refuser notre demande d&rsquo;informations \u00e0 caract\u00e8re personnel, \u00e9tant entendu entendu que nous ne serons peut-\u00eatre pas en mesure de vous fournir certains des services que vous souhaitez.<\/p>\n<p>En continuant \u00e0 utiliser notre site web, vous acceptez nos pratiques en mati\u00e8re de protection de la vie priv\u00e9e et des informations \u00e0 caract\u00e8re personnel. Si vous avez des questions sur la mani\u00e8re dont nous traitons les donn\u00e9es des utilisateurs et les informations \u00e0 caract\u00e8re personnel, n&rsquo;h\u00e9sitez pas \u00e0 nous contacter.<\/p>\n<p>\u2022 Le service Google AdSense que nous utilisons pour diffuser des annonces utilise un cookie DoubleClick pour diffuser des annonces plus pertinentes sur le web et limiter le nombre de fois qu&rsquo;une annonce donn\u00e9e vous est montr\u00e9e.<br \/>\n\u2022 Pour plus d&rsquo;informations sur Google AdSense, veuillez consulter la FAQ officielle sur la confidentialit\u00e9 de Google AdSense.<br \/>\n\u2022 Nous utilisons les annonces pour compenser les co\u00fbts de fonctionnement de ce site et pour financer les d\u00e9veloppements futurs. Les cookies de publicit\u00e9 comportementale utilis\u00e9s par ce site sont con\u00e7us pour s&rsquo;assurer que vous recevez les publicit\u00e9s les plus pertinentes possible en suivant de mani\u00e8re anonyme vos centres d&rsquo;int\u00e9r\u00eat et en vous pr\u00e9sentant des choses similaires susceptibles de vous int\u00e9resser.<br \/>\n\u2022 Plusieurs partenaires font de la publicit\u00e9 en notre nom et les cookies de suivi des affili\u00e9s nous permettent simplement de voir si nos clients ont acc\u00e9d\u00e9 au site via l&rsquo;un de nos sites partenaires afin que nous puissions les cr\u00e9diter de mani\u00e8re appropri\u00e9e et, le cas \u00e9ch\u00e9ant, permettre \u00e0 nos partenaires affili\u00e9s de proposer des promotions qui pourraient vous donner l&rsquo;occasion de faire un achat.<\/p>\n<p>&nbsp;<\/p>\n<h3>Engagement de l&rsquo;utilisateur<\/h3>\n<p>L&rsquo;utilisateur s&rsquo;engage \u00e0 faire un usage appropri\u00e9 des contenus et des informations qu&rsquo;Optimistic propose sur le site et \u00e0 (\u00e0 titre \u00e9nonciatif mais non limitatif)\u00a0:<\/p>\n<p>\u2022 A) Ne pas s&rsquo;engager dans des activit\u00e9s ill\u00e9gales ou contraires \u00e0 la bonne foi et \u00e0 l&rsquo;ordre public\u00a0;<br \/>\n\u2022 B) Ne pas diffuser de propagande ou de contenu \u00e0 caract\u00e8re raciste, x\u00e9nophobe, bet365 Br\u00e9sil ou hasard, tout type de pornographie ill\u00e9gale, apologie du terrorisme ou contre les droits de l&rsquo;homme\u00a0;<br \/>\n\u2022 C) Ne pas causer de dommages aux syst\u00e8mes physiques (hardware) et logiciels (software) d&rsquo;Optimistic, de ses fournisseurs ou de tiers, introduire ou diffuser des virus informatiques ou tout autre syst\u00e8me hardware ou software capable de causer les dommages susmentionn\u00e9s.<\/p>\n<p>&nbsp;<\/p>\n<h3>Plus d&rsquo;informations<\/h3>\n<p>Nous esp\u00e9rons avoir \u00e9clairci ce point et, comme indiqu\u00e9 pr\u00e9c\u00e9demment, si vous n&rsquo;\u00eates pas s\u00fbr d&rsquo;en avoir besoin, il est g\u00e9n\u00e9ralement plus prudent de laisser les cookies activ\u00e9s si vous interagissez avec l&rsquo;une des fonctions que vous utilisez sur notre site.<\/p>\n<p>&nbsp;<\/p>\n<h3>Politique relative aux Cookies<\/h3>\n<p>Ceci est la politique en mati\u00e8re de cookies pour https:\/\/optimistic.pt, accessible \u00e0 partir de l&rsquo;URL .<\/p>\n<p>&nbsp;<\/p>\n<h3>Que sont les Cookies<\/h3>\n<p>Comme c&rsquo;est la pratique courante avec presque tous les sites Web professionnels, ce site utilise des cookies, qui sont de petits fichiers t\u00e9l\u00e9charg\u00e9s sur votre ordinateur, pour am\u00e9liorer votre exp\u00e9rience. Cette page d\u00e9crit les informations qu&rsquo;ils recueillent, comment nous les utilisons et pourquoi nous avons parfois besoin de stocker ces cookies. Nous partagerons \u00e9galement comment vous pouvez emp\u00eacher le stockage de ces cookies, mais cela peut d\u00e9grader ou casser certains \u00e9l\u00e9ments de la fonctionnalit\u00e9 des sites.<\/p>\n<p>&nbsp;<\/p>\n<h3>Comment nous utilisons les Cookies<\/h3>\n<p>Nous utilisons des cookies pour diverses raisons d\u00e9taill\u00e9es ci-dessous. Malheureusement, dans la plupart des cas, il n&rsquo;existe pas d&rsquo;options standard de l&rsquo;industrie pour d\u00e9sactiver les cookies sans d\u00e9sactiver compl\u00e8tement les fonctionnalit\u00e9s et fonctionnalit\u00e9s qu&rsquo;ils ajoutent \u00e0 ce site. Il est recommand\u00e9 de laisser tous les cookies si vous n&rsquo;\u00eates pas s\u00fbr d&rsquo;en avoir besoin ou non au cas o\u00f9 ils seraient utilis\u00e9s pour fournir un service que vous utilisez.<\/p>\n<p>&nbsp;<\/p>\n<h3>D\u00e9sactivation des Cookies<\/h3>\n<p>Vous pouvez emp\u00eacher l&rsquo;installation de cookies en ajustant les param\u00e8tres de votre navigateur (voir l&rsquo;aide de votre navigateur pour savoir comment proc\u00e9der). Sachez que la d\u00e9sactivation des cookies affectera la fonctionnalit\u00e9 de ce site et de nombreux autres sites Web que vous visitez. La d\u00e9sactivation des cookies entra\u00eenera g\u00e9n\u00e9ralement la d\u00e9sactivation de certaines fonctionnalit\u00e9s et caract\u00e9ristiques de ce site. Il est donc recommand\u00e9 de ne pas d\u00e9sactiver les cookies.<\/p>\n<p>&nbsp;<\/p>\n<h3>Cookies Tiers<\/h3>\n<p>Dans certains cas particuliers, nous utilisons \u00e9galement des cookies fournis par des tiers de confiance. La section suivante d\u00e9taille les cookies tiers que vous pourriez rencontrer via ce site.<\/p>\n","protected":false},"excerpt":{"rendered":"<p>Nous accordons une grande importance \u00e0 la protection de votre vie priv\u00e9e. Optimistic a pour politique de respecter votre vie priv\u00e9e en ce qui concerne toutes<span class=\"excerpt-hellip\"> [\u2026]<\/span><\/p>\n","protected":false},"author":1,"featured_media":0,"parent":0,"menu_order":0,"comment_status":"closed","ping_status":"open","template":"","meta":{"footnotes":""},"class_list":["post-1422","page","type-page","status-publish","hentry"],"yoast_head":"<!-- This site is optimized with the Yoast SEO plugin v27.2 - https:\/\/yoast.com\/product\/yoast-seo-wordpress\/ -->\n<title>Politique de Confidentialit\u00e9 - OPTIMISTIC<\/title>\n<meta name=\"robots\" content=\"index, follow, max-snippet:-1, max-image-preview:large, max-video-preview:-1\" \/>\n<link rel=\"canonical\" href=\"https:\/\/optimistic.pt\/fr\/politique-de-confidentialite\/\" \/>\n<meta property=\"og:locale\" content=\"fr_FR\" \/>\n<meta property=\"og:type\" content=\"article\" \/>\n<meta property=\"og:title\" content=\"Politique de Confidentialit\u00e9 - OPTIMISTIC\" \/>\n<meta property=\"og:description\" content=\"Nous accordons une grande importance \u00e0 la protection de votre vie priv\u00e9e. Optimistic a pour politique de respecter votre vie priv\u00e9e en ce qui concerne toutes [\u2026]\" \/>\n<meta property=\"og:url\" content=\"https:\/\/optimistic.pt\/fr\/politique-de-confidentialite\/\" \/>\n<meta property=\"og:site_name\" content=\"OPTIMISTIC\" \/>\n<meta property=\"article:modified_time\" content=\"2023-07-19T09:20:16+00:00\" \/>\n<meta name=\"twitter:card\" content=\"summary_large_image\" \/>\n<meta name=\"twitter:label1\" content=\"Dur\u00e9e de lecture estim\u00e9e\" \/>\n\t<meta name=\"twitter:data1\" content=\"5 minutes\" \/>\n<script type=\"application\/ld+json\" class=\"yoast-schema-graph\">{\"@context\":\"https:\/\/schema.org\",\"@graph\":[{\"@type\":\"WebPage\",\"@id\":\"https:\/\/optimistic.pt\/fr\/politique-de-confidentialite\/\",\"url\":\"https:\/\/optimistic.pt\/fr\/politique-de-confidentialite\/\",\"name\":\"Politique de Confidentialit\u00e9 - OPTIMISTIC\",\"isPartOf\":{\"@id\":\"https:\/\/optimistic.pt\/fr\/#website\"},\"datePublished\":\"2023-06-21T14:41:19+00:00\",\"dateModified\":\"2023-07-19T09:20:16+00:00\",\"breadcrumb\":{\"@id\":\"https:\/\/optimistic.pt\/fr\/politique-de-confidentialite\/#breadcrumb\"},\"inLanguage\":\"fr-FR\",\"potentialAction\":[{\"@type\":\"ReadAction\",\"target\":[\"https:\/\/optimistic.pt\/fr\/politique-de-confidentialite\/\"]}]},{\"@type\":\"BreadcrumbList\",\"@id\":\"https:\/\/optimistic.pt\/fr\/politique-de-confidentialite\/#breadcrumb\",\"itemListElement\":[{\"@type\":\"ListItem\",\"position\":1,\"name\":\"In\u00edcio\",\"item\":\"https:\/\/optimistic.pt\/fr\/\"},{\"@type\":\"ListItem\",\"position\":2,\"name\":\"Politique de Confidentialit\u00e9\"}]},{\"@type\":\"WebSite\",\"@id\":\"https:\/\/optimistic.pt\/fr\/#website\",\"url\":\"https:\/\/optimistic.pt\/fr\/\",\"name\":\"OPTIMISTIC\",\"description\":\"Equipamento Rotativo\",\"publisher\":{\"@id\":\"https:\/\/optimistic.pt\/fr\/#organization\"},\"potentialAction\":[{\"@type\":\"SearchAction\",\"target\":{\"@type\":\"EntryPoint\",\"urlTemplate\":\"https:\/\/optimistic.pt\/fr\/?s={search_term_string}\"},\"query-input\":{\"@type\":\"PropertyValueSpecification\",\"valueRequired\":true,\"valueName\":\"search_term_string\"}}],\"inLanguage\":\"fr-FR\"},{\"@type\":\"Organization\",\"@id\":\"https:\/\/optimistic.pt\/fr\/#organization\",\"name\":\"OPTIMISTIC\",\"url\":\"https:\/\/optimistic.pt\/fr\/\",\"logo\":{\"@type\":\"ImageObject\",\"inLanguage\":\"fr-FR\",\"@id\":\"https:\/\/optimistic.pt\/fr\/#\/schema\/logo\/image\/\",\"url\":\"https:\/\/optimistic.pt\/wp-content\/uploads\/2023\/05\/logo_OPTIMISTIC_s_designa_alto_rgb.png\",\"contentUrl\":\"https:\/\/optimistic.pt\/wp-content\/uploads\/2023\/05\/logo_OPTIMISTIC_s_designa_alto_rgb.png\",\"width\":2062,\"height\":916,\"caption\":\"OPTIMISTIC\"},\"image\":{\"@id\":\"https:\/\/optimistic.pt\/fr\/#\/schema\/logo\/image\/\"}}]}<\/script>\n<!-- \/ Yoast SEO plugin. -->","yoast_head_json":{"title":"Politique de Confidentialit\u00e9 - OPTIMISTIC","robots":{"index":"index","follow":"follow","max-snippet":"max-snippet:-1","max-image-preview":"max-image-preview:large","max-video-preview":"max-video-preview:-1"},"canonical":"https:\/\/optimistic.pt\/fr\/politique-de-confidentialite\/","og_locale":"fr_FR","og_type":"article","og_title":"Politique de Confidentialit\u00e9 - OPTIMISTIC","og_description":"Nous accordons une grande importance \u00e0 la protection de votre vie priv\u00e9e. Optimistic a pour politique de respecter votre vie priv\u00e9e en ce qui concerne toutes [\u2026]","og_url":"https:\/\/optimistic.pt\/fr\/politique-de-confidentialite\/","og_site_name":"OPTIMISTIC","article_modified_time":"2023-07-19T09:20:16+00:00","twitter_card":"summary_large_image","twitter_misc":{"Dur\u00e9e de lecture estim\u00e9e":"5 minutes"},"schema":{"@context":"https:\/\/schema.org","@graph":[{"@type":"WebPage","@id":"https:\/\/optimistic.pt\/fr\/politique-de-confidentialite\/","url":"https:\/\/optimistic.pt\/fr\/politique-de-confidentialite\/","name":"Politique de Confidentialit\u00e9 - OPTIMISTIC","isPartOf":{"@id":"https:\/\/optimistic.pt\/fr\/#website"},"datePublished":"2023-06-21T14:41:19+00:00","dateModified":"2023-07-19T09:20:16+00:00","breadcrumb":{"@id":"https:\/\/optimistic.pt\/fr\/politique-de-confidentialite\/#breadcrumb"},"inLanguage":"fr-FR","potentialAction":[{"@type":"ReadAction","target":["https:\/\/optimistic.pt\/fr\/politique-de-confidentialite\/"]}]},{"@type":"BreadcrumbList","@id":"https:\/\/optimistic.pt\/fr\/politique-de-confidentialite\/#breadcrumb","itemListElement":[{"@type":"ListItem","position":1,"name":"In\u00edcio","item":"https:\/\/optimistic.pt\/fr\/"},{"@type":"ListItem","position":2,"name":"Politique de Confidentialit\u00e9"}]},{"@type":"WebSite","@id":"https:\/\/optimistic.pt\/fr\/#website","url":"https:\/\/optimistic.pt\/fr\/","name":"OPTIMISTIC","description":"Equipamento Rotativo","publisher":{"@id":"https:\/\/optimistic.pt\/fr\/#organization"},"potentialAction":[{"@type":"SearchAction","target":{"@type":"EntryPoint","urlTemplate":"https:\/\/optimistic.pt\/fr\/?s={search_term_string}"},"query-input":{"@type":"PropertyValueSpecification","valueRequired":true,"valueName":"search_term_string"}}],"inLanguage":"fr-FR"},{"@type":"Organization","@id":"https:\/\/optimistic.pt\/fr\/#organization","name":"OPTIMISTIC","url":"https:\/\/optimistic.pt\/fr\/","logo":{"@type":"ImageObject","inLanguage":"fr-FR","@id":"https:\/\/optimistic.pt\/fr\/#\/schema\/logo\/image\/","url":"https:\/\/optimistic.pt\/wp-content\/uploads\/2023\/05\/logo_OPTIMISTIC_s_designa_alto_rgb.png","contentUrl":"https:\/\/optimistic.pt\/wp-content\/uploads\/2023\/05\/logo_OPTIMISTIC_s_designa_alto_rgb.png","width":2062,"height":916,"caption":"OPTIMISTIC"},"image":{"@id":"https:\/\/optimistic.pt\/fr\/#\/schema\/logo\/image\/"}}]}},"_links":{"self":[{"href":"https:\/\/optimistic.pt\/fr\/wp-json\/wp\/v2\/pages\/1422","targetHints":{"allow":["GET"]}}],"collection":[{"href":"https:\/\/optimistic.pt\/fr\/wp-json\/wp\/v2\/pages"}],"about":[{"href":"https:\/\/optimistic.pt\/fr\/wp-json\/wp\/v2\/types\/page"}],"author":[{"embeddable":true,"href":"https:\/\/optimistic.pt\/fr\/wp-json\/wp\/v2\/users\/1"}],"replies":[{"embeddable":true,"href":"https:\/\/optimistic.pt\/fr\/wp-json\/wp\/v2\/comments?post=1422"}],"version-history":[{"count":2,"href":"https:\/\/optimistic.pt\/fr\/wp-json\/wp\/v2\/pages\/1422\/revisions"}],"predecessor-version":[{"id":1448,"href":"https:\/\/optimistic.pt\/fr\/wp-json\/wp\/v2\/pages\/1422\/revisions\/1448"}],"wp:attachment":[{"href":"https:\/\/optimistic.pt\/fr\/wp-json\/wp\/v2\/media?parent=1422"}],"curies":[{"name":"wp","href":"https:\/\/api.w.org\/{rel}","templated":true}]}}