{"id":2423,"date":"2023-12-04T12:18:26","date_gmt":"2023-12-04T12:18:26","guid":{"rendered":"https:\/\/optimistic.pt\/suppliers-performance-evaluation\/"},"modified":"2025-01-16T15:56:02","modified_gmt":"2025-01-16T15:56:02","slug":"suppliers-performance-evaluation","status":"publish","type":"page","link":"https:\/\/optimistic.pt\/es\/suppliers-performance-evaluation\/","title":{"rendered":"Evaluaci\u00f3n de desempe\u00f1o de los suministradores"},"content":{"rendered":"<div class=\"flex-shrink-0 flex flex-col relative items-end\">\n<div class=\"pt-0\">\n<div class=\"gizmo-bot-avatar flex h-8 w-8 items-center justify-center overflow-hidden rounded-full\">\n<div><strong style=\"font-size: 25px;\">Criterios para la Evaluaci\u00f3n de Proveedores Externos<\/strong><\/div>\n<div><\/div>\n<\/div>\n<\/div>\n<\/div>\n<div class=\"group\/conversation-turn relative flex w-full min-w-0 flex-col agent-turn\">\n<div class=\"flex-col gap-1 md:gap-3\">\n<div class=\"flex max-w-full flex-col flex-grow\">\n<div class=\"min-h-8 text-message flex w-full flex-col items-end gap-2 whitespace-normal break-words text-start [.text-message+&amp;]:mt-5\" dir=\"auto\" data-message-author-role=\"assistant\" data-message-id=\"16fd7ad9-38b8-418f-8f57-80d7184c3851\" data-message-model-slug=\"gpt-4o\">\n<div class=\"flex w-full flex-col gap-1 empty:hidden first:pt-[3px]\">\n<div class=\"markdown prose w-full break-words dark:prose-invert light\">\n<table>\n<thead>\n<tr>\n<th><span style=\"color: #000000;\"><strong>Valor<\/strong><\/span><\/th>\n<th><span style=\"color: #000000;\"><strong>Precio<\/strong><\/span><\/th>\n<th><span style=\"color: #000000;\"><strong>Capacidad de Env\u00edo de Propuesta<\/strong><\/span><\/th>\n<th><span style=\"color: #000000;\"><strong>Cumplimiento del Plazo de Producci\u00f3n Acordado<\/strong><\/span><\/th>\n<th><span style=\"color: #000000;\"><strong>Plazo de Pago<\/strong><\/span><\/th>\n<th><span style=\"color: #000000;\"><strong>N\u00famero de Reclamos<\/strong><\/span><\/th>\n<th><span style=\"color: #000000;\"><strong>Procedimientos \/ Medidas de Control \/ Buenas Pr\u00e1cticas \/ Cumplimiento de Obligaciones Ambientales y de SST<\/strong><\/span><\/th>\n<\/tr>\n<\/thead>\n<tbody>\n<tr>\n<td>4<\/td>\n<td>Mejor precio del mercado<\/td>\n<td>Inmediata (48 horas)<\/td>\n<td>Siempre cumplido<\/td>\n<td>Fraccionado con la \u00faltima parte tras la recepci\u00f3n<\/td>\n<td>0<\/td>\n<td>Empresa con certificaci\u00f3n ambiental y\/o SST. Sin datos.<\/td>\n<\/tr>\n<tr>\n<td>3<\/td>\n<td>Segundo mejor precio<\/td>\n<td>Hasta 1 mes<\/td>\n<td>Incumpli\u00f3 una vez en el \u00faltimo a\u00f1o<\/td>\n<td>Fraccionado con la \u00faltima parte pagada en el env\u00edo<\/td>\n<td>&#8212;<\/td>\n<td>Buenas pr\u00e1cticas ambientales y\/o de SST en sus productos o servicios. Origen europeo \u2013 cumplimiento de requisitos legales. Fallos menores corregidos r\u00e1pidamente.<\/td>\n<\/tr>\n<tr>\n<td>2<\/td>\n<td>Tercer mejor precio<\/td>\n<td>Hasta 2 meses<\/td>\n<td>Incumpli\u00f3 m\u00e1s de una vez en el \u00faltimo a\u00f1o<\/td>\n<td>Pago total antes del env\u00edo<\/td>\n<td>&#8212;<\/td>\n<td>Fallos mayores en la ejecuci\u00f3n del servicio\/producto a nivel ambiental\/SST.<\/td>\n<\/tr>\n<tr>\n<td>1<\/td>\n<td>Precio m\u00e1s caro del mercado<\/td>\n<td>M\u00e1s de 2 meses<\/td>\n<td>Nunca cumple el plazo acordado<\/td>\n<td>Pago total antes de iniciar la fabricaci\u00f3n<\/td>\n<td>&gt;1<\/td>\n<td>Incumplimientos detectados en las obligaciones de conformidad \/ Procedimientos \/ Ejecuci\u00f3n del servicio con impactos ambientales graves \/ riesgos de SST para los trabajadores.<\/td>\n<\/tr>\n<\/tbody>\n<\/table>\n<\/div>\n<\/div>\n<\/div>\n<\/div>\n<\/div>\n<\/div>\n","protected":false},"excerpt":{"rendered":"<p>Criterios para la Evaluaci\u00f3n de Proveedores Externos Valor Precio Capacidad de Env\u00edo de Propuesta Cumplimiento del Plazo de Producci\u00f3n Acordado Plazo de Pago N\u00famero de Reclamos<span class=\"excerpt-hellip\"> [\u2026]<\/span><\/p>\n","protected":false},"author":1,"featured_media":0,"parent":0,"menu_order":0,"comment_status":"closed","ping_status":"closed","template":"","meta":{"footnotes":""},"class_list":["post-2423","page","type-page","status-publish","hentry"],"yoast_head":"<!-- This site is optimized with the Yoast SEO plugin v27.2 - https:\/\/yoast.com\/product\/yoast-seo-wordpress\/ -->\n<title>Evaluaci\u00f3n de desempe\u00f1o de los suministradores - OPTIMISTIC<\/title>\n<meta name=\"robots\" content=\"index, follow, max-snippet:-1, max-image-preview:large, max-video-preview:-1\" \/>\n<link rel=\"canonical\" href=\"https:\/\/optimistic.pt\/es\/suppliers-performance-evaluation\/\" \/>\n<meta property=\"og:locale\" content=\"es_ES\" \/>\n<meta property=\"og:type\" content=\"article\" \/>\n<meta property=\"og:title\" content=\"Evaluaci\u00f3n de desempe\u00f1o de los suministradores - OPTIMISTIC\" \/>\n<meta property=\"og:description\" content=\"Criterios para la Evaluaci\u00f3n de Proveedores Externos Valor Precio Capacidad de Env\u00edo de Propuesta Cumplimiento del Plazo de Producci\u00f3n Acordado Plazo de Pago N\u00famero de Reclamos [\u2026]\" \/>\n<meta property=\"og:url\" content=\"https:\/\/optimistic.pt\/es\/suppliers-performance-evaluation\/\" \/>\n<meta property=\"og:site_name\" content=\"OPTIMISTIC\" \/>\n<meta property=\"article:modified_time\" content=\"2025-01-16T15:56:02+00:00\" \/>\n<meta name=\"twitter:card\" content=\"summary_large_image\" \/>\n<meta name=\"twitter:label1\" content=\"Tiempo de lectura\" \/>\n\t<meta name=\"twitter:data1\" content=\"1 minuto\" \/>\n<script type=\"application\/ld+json\" class=\"yoast-schema-graph\">{\"@context\":\"https:\/\/schema.org\",\"@graph\":[{\"@type\":\"WebPage\",\"@id\":\"https:\/\/optimistic.pt\/es\/suppliers-performance-evaluation\/\",\"url\":\"https:\/\/optimistic.pt\/es\/suppliers-performance-evaluation\/\",\"name\":\"Evaluaci\u00f3n de desempe\u00f1o de los suministradores - OPTIMISTIC\",\"isPartOf\":{\"@id\":\"https:\/\/optimistic.pt\/es\/#website\"},\"datePublished\":\"2023-12-04T12:18:26+00:00\",\"dateModified\":\"2025-01-16T15:56:02+00:00\",\"breadcrumb\":{\"@id\":\"https:\/\/optimistic.pt\/es\/suppliers-performance-evaluation\/#breadcrumb\"},\"inLanguage\":\"es\",\"potentialAction\":[{\"@type\":\"ReadAction\",\"target\":[\"https:\/\/optimistic.pt\/es\/suppliers-performance-evaluation\/\"]}]},{\"@type\":\"BreadcrumbList\",\"@id\":\"https:\/\/optimistic.pt\/es\/suppliers-performance-evaluation\/#breadcrumb\",\"itemListElement\":[{\"@type\":\"ListItem\",\"position\":1,\"name\":\"In\u00edcio\",\"item\":\"https:\/\/optimistic.pt\/es\/\"},{\"@type\":\"ListItem\",\"position\":2,\"name\":\"Evaluaci\u00f3n de desempe\u00f1o de los suministradores\"}]},{\"@type\":\"WebSite\",\"@id\":\"https:\/\/optimistic.pt\/es\/#website\",\"url\":\"https:\/\/optimistic.pt\/es\/\",\"name\":\"OPTIMISTIC\",\"description\":\"Especialistas en equipamiento rotativo\",\"publisher\":{\"@id\":\"https:\/\/optimistic.pt\/es\/#organization\"},\"potentialAction\":[{\"@type\":\"SearchAction\",\"target\":{\"@type\":\"EntryPoint\",\"urlTemplate\":\"https:\/\/optimistic.pt\/es\/?s={search_term_string}\"},\"query-input\":{\"@type\":\"PropertyValueSpecification\",\"valueRequired\":true,\"valueName\":\"search_term_string\"}}],\"inLanguage\":\"es\"},{\"@type\":\"Organization\",\"@id\":\"https:\/\/optimistic.pt\/es\/#organization\",\"name\":\"OPTIMISTIC\",\"url\":\"https:\/\/optimistic.pt\/es\/\",\"logo\":{\"@type\":\"ImageObject\",\"inLanguage\":\"es\",\"@id\":\"https:\/\/optimistic.pt\/es\/#\/schema\/logo\/image\/\",\"url\":\"https:\/\/optimistic.pt\/wp-content\/uploads\/2023\/05\/logo_OPTIMISTIC_s_designa_alto_rgb.png\",\"contentUrl\":\"https:\/\/optimistic.pt\/wp-content\/uploads\/2023\/05\/logo_OPTIMISTIC_s_designa_alto_rgb.png\",\"width\":2062,\"height\":916,\"caption\":\"OPTIMISTIC\"},\"image\":{\"@id\":\"https:\/\/optimistic.pt\/es\/#\/schema\/logo\/image\/\"}}]}<\/script>\n<!-- \/ Yoast SEO plugin. -->","yoast_head_json":{"title":"Evaluaci\u00f3n de desempe\u00f1o de los suministradores - OPTIMISTIC","robots":{"index":"index","follow":"follow","max-snippet":"max-snippet:-1","max-image-preview":"max-image-preview:large","max-video-preview":"max-video-preview:-1"},"canonical":"https:\/\/optimistic.pt\/es\/suppliers-performance-evaluation\/","og_locale":"es_ES","og_type":"article","og_title":"Evaluaci\u00f3n de desempe\u00f1o de los suministradores - OPTIMISTIC","og_description":"Criterios para la Evaluaci\u00f3n de Proveedores Externos Valor Precio Capacidad de Env\u00edo de Propuesta Cumplimiento del Plazo de Producci\u00f3n Acordado Plazo de Pago N\u00famero de Reclamos [\u2026]","og_url":"https:\/\/optimistic.pt\/es\/suppliers-performance-evaluation\/","og_site_name":"OPTIMISTIC","article_modified_time":"2025-01-16T15:56:02+00:00","twitter_card":"summary_large_image","twitter_misc":{"Tiempo de lectura":"1 minuto"},"schema":{"@context":"https:\/\/schema.org","@graph":[{"@type":"WebPage","@id":"https:\/\/optimistic.pt\/es\/suppliers-performance-evaluation\/","url":"https:\/\/optimistic.pt\/es\/suppliers-performance-evaluation\/","name":"Evaluaci\u00f3n de desempe\u00f1o de los suministradores - OPTIMISTIC","isPartOf":{"@id":"https:\/\/optimistic.pt\/es\/#website"},"datePublished":"2023-12-04T12:18:26+00:00","dateModified":"2025-01-16T15:56:02+00:00","breadcrumb":{"@id":"https:\/\/optimistic.pt\/es\/suppliers-performance-evaluation\/#breadcrumb"},"inLanguage":"es","potentialAction":[{"@type":"ReadAction","target":["https:\/\/optimistic.pt\/es\/suppliers-performance-evaluation\/"]}]},{"@type":"BreadcrumbList","@id":"https:\/\/optimistic.pt\/es\/suppliers-performance-evaluation\/#breadcrumb","itemListElement":[{"@type":"ListItem","position":1,"name":"In\u00edcio","item":"https:\/\/optimistic.pt\/es\/"},{"@type":"ListItem","position":2,"name":"Evaluaci\u00f3n de desempe\u00f1o de los suministradores"}]},{"@type":"WebSite","@id":"https:\/\/optimistic.pt\/es\/#website","url":"https:\/\/optimistic.pt\/es\/","name":"OPTIMISTIC","description":"Especialistas en equipamiento rotativo","publisher":{"@id":"https:\/\/optimistic.pt\/es\/#organization"},"potentialAction":[{"@type":"SearchAction","target":{"@type":"EntryPoint","urlTemplate":"https:\/\/optimistic.pt\/es\/?s={search_term_string}"},"query-input":{"@type":"PropertyValueSpecification","valueRequired":true,"valueName":"search_term_string"}}],"inLanguage":"es"},{"@type":"Organization","@id":"https:\/\/optimistic.pt\/es\/#organization","name":"OPTIMISTIC","url":"https:\/\/optimistic.pt\/es\/","logo":{"@type":"ImageObject","inLanguage":"es","@id":"https:\/\/optimistic.pt\/es\/#\/schema\/logo\/image\/","url":"https:\/\/optimistic.pt\/wp-content\/uploads\/2023\/05\/logo_OPTIMISTIC_s_designa_alto_rgb.png","contentUrl":"https:\/\/optimistic.pt\/wp-content\/uploads\/2023\/05\/logo_OPTIMISTIC_s_designa_alto_rgb.png","width":2062,"height":916,"caption":"OPTIMISTIC"},"image":{"@id":"https:\/\/optimistic.pt\/es\/#\/schema\/logo\/image\/"}}]}},"_links":{"self":[{"href":"https:\/\/optimistic.pt\/es\/wp-json\/wp\/v2\/pages\/2423","targetHints":{"allow":["GET"]}}],"collection":[{"href":"https:\/\/optimistic.pt\/es\/wp-json\/wp\/v2\/pages"}],"about":[{"href":"https:\/\/optimistic.pt\/es\/wp-json\/wp\/v2\/types\/page"}],"author":[{"embeddable":true,"href":"https:\/\/optimistic.pt\/es\/wp-json\/wp\/v2\/users\/1"}],"replies":[{"embeddable":true,"href":"https:\/\/optimistic.pt\/es\/wp-json\/wp\/v2\/comments?post=2423"}],"version-history":[{"count":8,"href":"https:\/\/optimistic.pt\/es\/wp-json\/wp\/v2\/pages\/2423\/revisions"}],"predecessor-version":[{"id":3241,"href":"https:\/\/optimistic.pt\/es\/wp-json\/wp\/v2\/pages\/2423\/revisions\/3241"}],"wp:attachment":[{"href":"https:\/\/optimistic.pt\/es\/wp-json\/wp\/v2\/media?parent=2423"}],"curies":[{"name":"wp","href":"https:\/\/api.w.org\/{rel}","templated":true}]}}