{"id":1550,"date":"2023-06-21T14:41:19","date_gmt":"2023-06-21T14:41:19","guid":{"rendered":"https:\/\/optimistic.pt\/?page_id=1550"},"modified":"2023-08-14T10:45:40","modified_gmt":"2023-08-14T10:45:40","slug":"politica-de-privacidad","status":"publish","type":"page","link":"https:\/\/optimistic.pt\/es\/politica-de-privacidad\/","title":{"rendered":"Pol\u00edtica de Privacidad"},"content":{"rendered":"<p>Nosotros valoramos tu privacidad. La pol\u00edtica de OPTIMISTIC es el respeto a su privacidad y a todos los datos que podemos recoger en nuestra p\u00e1gina web y en otras p\u00e1ginas que posu\u00edmos y operamos.<\/p>\n<p>Solamente solicitamos informaciones personales cuando son realmente necesarias para proveer alg\u00fan servicio. Lo hacemos usando medios justos y legales, con su conocimiento y consentimiento. Tambi\u00e9n informamos por qu\u00e9 estamos recolectando estas informaciones y c\u00f3mo ser\u00e1n usadas.<\/p>\n<p>Solamente retenemos las informaciones recolectadas durante el tiempo necesario para proveer el servicio solicitado. Durante el almacenaje de los datos, los protegemos usando instrumentos comercialmente aceptables para evitar p\u00e9rdidas y robos, asimismo como acceso, divulgaci\u00f3n, copia, uso o modificaci\u00f3n no autorizados.<\/p>\n<p>No compartimos informaciones de identificaci\u00f3n personal p\u00fablicamente o con terceros, excepto cuando fuese exigido por la ley.<\/p>\n<p>Nuesta p\u00e1gina web puede contener enlaces para p\u00e1ginas web externas que no son operadas por nosotros. Queremos que sepas que no podemos controlar los contenidos y las pr\u00e1ticas de estas p\u00e1ginas, portanto no podemos aceptar responsabilidad por sus respectivas pol\u00edticas de privacidad.<\/p>\n<p>Puedes recusar nuestra solicitaci\u00f3n de informaciones personales, ententiendo que tal vez no puedamos proveer algunos de los servicios deseados.<\/p>\n<p>El uso continuado de nuestra p\u00e1gina web ser\u00e1 considerado como aceptaci\u00f3n de nuestras pr\u00e1ticas relacionadas a la privacidad e informaciones personales. Si tienes una duda sobre c\u00f3mo tratamos los datos del usuario y tus informaciones personales, entra en contacto con nosotros.<\/p>\n<p>\u2022 El servicio Google AdSense que usamos para vehicular materiales publicitatios, usa o cookie DoubleClick para mostrarte anuncios m\u00e1s relevantes en toda la web, limitando el n\u00famero de exhibiciones de un anuncio determinado.<br \/>\n\u2022 Para saber m\u00e1s sobre el Google AdSense, consulta as FAQs oficiales sobre privacidad de este instrumento.<br \/>\n\u2022 Utilizamos anuncios para compensar los custos de funcionamiento de esta p\u00e1gina web y financiar los desarrollos futuros. Los cookies de publicidad comportamental usados por esta p\u00e1gina web han sido dese\u00f1ados de tal manera que garantiza que los anuncios que ver\u00e1s ser\u00e1n lo m\u00e1s relevante que posible, rastreando an\u00f3nimamente sus intereses y apresentando cosas parecidas que pueden ser de tu inter\u00e9s.<br \/>\n\u2022 Varios asociados anuncian en nuestro nombre y los cookies de rastreamiento de afiliados simplemente nos permiten ver si nuestros cliente han accesado la p\u00e1gina web a trav\u00e9s de una de las p\u00e1ginas de nuestros asociados, para que puedamos creditarnos adecuadamente y, cuando aplicable, permitir que nuestros asociados afiliados proveyan cualquier promoci\u00f3n que puede llevarte a hacer una compra.<\/p>\n<p>&nbsp;<\/p>\n<h3>Compromiso del Utente<\/h3>\n<p>El utente se compromete usas adecuadamente los contenidos y las informaciones que OPTIMISTIC ofrece en su p\u00e1gina web y con car\u00e1cter enunciativo, pero no limitativo:<\/p>\n<p>\u2022 A) No participar en actividades que sean ilegales o contrarias a la buena fe y a la orden p\u00fablica;<br \/>\n\u2022 B) No difundir propaganda o contenidos de naturaleza racista, xenof\u00f3bica, bet365 brasil o azar, cualquier tipo de pornograf\u00eda ilegal, de apolog\u00eda al terrorismo o contra los derechos humanos;<br \/>\n\u2022 C) No causar da\u00f1o a los sistemas f\u00edsicos (hardware) y l\u00f3gico (software) de OPTIMISTIC, de sus proveedores o terceros, para introducir o diseminar virus inform\u00e1ticos o cualesquiera otros sistemas de hardware o software que sean capaces de causar tal da\u00f1o.<\/p>\n<p>&nbsp;<\/p>\n<h3>M\u00e1s informaci\u00f3n<\/h3>\n<p>Esperamos que est\u00e9s esclarecido\/a y, como hemos mencionado antes, si tienes alguna duda sobre los cookies, es generalmente m\u00e1s seguro dejarlos activados durante la interacci\u00f3n con los recursos de nuestra p\u00e1gina web.<\/p>\n<p>&nbsp;<\/p>\n<h3>Pol\u00edtica de cookies<\/h3>\n<p>Esta es la pol\u00edtica de cookies de https:\/\/optimistic.pt, accesible desde la URL.<\/p>\n<p>&nbsp;<\/p>\n<h3>Que son las cookies<\/h3>\n<p>Como es pr\u00e1ctica com\u00fan en casi todos los sitios web profesionales, este sitio web utiliza cookies, que son peque\u00f1os archivos que se descargan en su computadora, para mejorar su experiencia. Esta p\u00e1gina describe qu\u00e9 informaci\u00f3n recopilan, c\u00f3mo la usamos y por qu\u00e9 a veces necesitamos almacenar estas cookies. Tambi\u00e9n compartiremos c\u00f3mo puede evitar que se almacenen estas cookies, sin embargo, esto puede afectar o romper algunos elementos de la funcionalidad del sitio web.<\/p>\n<p>&nbsp;<\/p>\n<h3>C\u00f3mo usamos las cookies<\/h3>\n<p>Usamos cookies por una variedad de razones que se detallan a continuaci\u00f3n. Desafortunadamente, en la mayor\u00eda de los casos, no existen opciones est\u00e1ndar de la industria para deshabilitar las cookies sin deshabilitar por completo las caracter\u00edsticas y la funcionalidad que agregan a este sitio web. Se recomienda que deje todas las cookies habilitadas si no est\u00e1 seguro de si las necesita o no si se utilizan para proporcionar un servicio que utiliza.<\/p>\n<p>&nbsp;<\/p>\n<h3>Deshabilitar cookies<\/h3>\n<p>Puede impedir la instalaci\u00f3n de cookies ajustando la configuraci\u00f3n de su navegador (consulte la ayuda de su navegador para saber c\u00f3mo hacerlo). Tenga en cuenta que deshabilitar las cookies afectar\u00e1 la funcionalidad de este sitio web y de muchos otros sitios web que pueda visitar. Deshabilitar las cookies generalmente deshabilitar\u00e1 ciertas funciones y caracter\u00edsticas de este sitio web. Por lo tanto, se recomienda no deshabilitar las cookies.<\/p>\n<p>&nbsp;<\/p>\n<h3>Cookies de terceros<\/h3>\n<p>En algunos casos especiales, tambi\u00e9n utilizamos cookies proporcionadas por terceros de confianza. La siguiente secci\u00f3n detalla las cookies de terceros que puede encontrar en este sitio web.<\/p>\n","protected":false},"excerpt":{"rendered":"<p>Nosotros valoramos tu privacidad. La pol\u00edtica de OPTIMISTIC es el respeto a su privacidad y a todos los datos que podemos recoger en nuestra p\u00e1gina web<span class=\"excerpt-hellip\"> [\u2026]<\/span><\/p>\n","protected":false},"author":1,"featured_media":0,"parent":0,"menu_order":0,"comment_status":"closed","ping_status":"open","template":"","meta":{"footnotes":""},"class_list":["post-1550","page","type-page","status-publish","hentry"],"yoast_head":"<!-- This site is optimized with the Yoast SEO plugin v27.2 - https:\/\/yoast.com\/product\/yoast-seo-wordpress\/ -->\n<title>Pol\u00edtica de Privacidad - OPTIMISTIC<\/title>\n<meta name=\"robots\" content=\"index, follow, max-snippet:-1, max-image-preview:large, max-video-preview:-1\" \/>\n<link rel=\"canonical\" href=\"https:\/\/optimistic.pt\/es\/politica-de-privacidad\/\" \/>\n<meta property=\"og:locale\" content=\"es_ES\" \/>\n<meta property=\"og:type\" content=\"article\" \/>\n<meta property=\"og:title\" content=\"Pol\u00edtica de Privacidad - OPTIMISTIC\" \/>\n<meta property=\"og:description\" content=\"Nosotros valoramos tu privacidad. La pol\u00edtica de OPTIMISTIC es el respeto a su privacidad y a todos los datos que podemos recoger en nuestra p\u00e1gina web [\u2026]\" \/>\n<meta property=\"og:url\" content=\"https:\/\/optimistic.pt\/es\/politica-de-privacidad\/\" \/>\n<meta property=\"og:site_name\" content=\"OPTIMISTIC\" \/>\n<meta property=\"article:modified_time\" content=\"2023-08-14T10:45:40+00:00\" \/>\n<meta name=\"twitter:card\" content=\"summary_large_image\" \/>\n<meta name=\"twitter:label1\" content=\"Tiempo de lectura\" \/>\n\t<meta name=\"twitter:data1\" content=\"4 minutos\" \/>\n<script type=\"application\/ld+json\" class=\"yoast-schema-graph\">{\"@context\":\"https:\/\/schema.org\",\"@graph\":[{\"@type\":\"WebPage\",\"@id\":\"https:\/\/optimistic.pt\/es\/politica-de-privacidad\/\",\"url\":\"https:\/\/optimistic.pt\/es\/politica-de-privacidad\/\",\"name\":\"Pol\u00edtica de Privacidad - OPTIMISTIC\",\"isPartOf\":{\"@id\":\"https:\/\/optimistic.pt\/es\/#website\"},\"datePublished\":\"2023-06-21T14:41:19+00:00\",\"dateModified\":\"2023-08-14T10:45:40+00:00\",\"breadcrumb\":{\"@id\":\"https:\/\/optimistic.pt\/es\/politica-de-privacidad\/#breadcrumb\"},\"inLanguage\":\"es\",\"potentialAction\":[{\"@type\":\"ReadAction\",\"target\":[\"https:\/\/optimistic.pt\/es\/politica-de-privacidad\/\"]}]},{\"@type\":\"BreadcrumbList\",\"@id\":\"https:\/\/optimistic.pt\/es\/politica-de-privacidad\/#breadcrumb\",\"itemListElement\":[{\"@type\":\"ListItem\",\"position\":1,\"name\":\"In\u00edcio\",\"item\":\"https:\/\/optimistic.pt\/es\/\"},{\"@type\":\"ListItem\",\"position\":2,\"name\":\"Pol\u00edtica de Privacidad\"}]},{\"@type\":\"WebSite\",\"@id\":\"https:\/\/optimistic.pt\/es\/#website\",\"url\":\"https:\/\/optimistic.pt\/es\/\",\"name\":\"OPTIMISTIC\",\"description\":\"Especialistas en equipamiento rotativo\",\"publisher\":{\"@id\":\"https:\/\/optimistic.pt\/es\/#organization\"},\"potentialAction\":[{\"@type\":\"SearchAction\",\"target\":{\"@type\":\"EntryPoint\",\"urlTemplate\":\"https:\/\/optimistic.pt\/es\/?s={search_term_string}\"},\"query-input\":{\"@type\":\"PropertyValueSpecification\",\"valueRequired\":true,\"valueName\":\"search_term_string\"}}],\"inLanguage\":\"es\"},{\"@type\":\"Organization\",\"@id\":\"https:\/\/optimistic.pt\/es\/#organization\",\"name\":\"OPTIMISTIC\",\"url\":\"https:\/\/optimistic.pt\/es\/\",\"logo\":{\"@type\":\"ImageObject\",\"inLanguage\":\"es\",\"@id\":\"https:\/\/optimistic.pt\/es\/#\/schema\/logo\/image\/\",\"url\":\"https:\/\/optimistic.pt\/wp-content\/uploads\/2023\/05\/logo_OPTIMISTIC_s_designa_alto_rgb.png\",\"contentUrl\":\"https:\/\/optimistic.pt\/wp-content\/uploads\/2023\/05\/logo_OPTIMISTIC_s_designa_alto_rgb.png\",\"width\":2062,\"height\":916,\"caption\":\"OPTIMISTIC\"},\"image\":{\"@id\":\"https:\/\/optimistic.pt\/es\/#\/schema\/logo\/image\/\"}}]}<\/script>\n<!-- \/ Yoast SEO plugin. -->","yoast_head_json":{"title":"Pol\u00edtica de Privacidad - OPTIMISTIC","robots":{"index":"index","follow":"follow","max-snippet":"max-snippet:-1","max-image-preview":"max-image-preview:large","max-video-preview":"max-video-preview:-1"},"canonical":"https:\/\/optimistic.pt\/es\/politica-de-privacidad\/","og_locale":"es_ES","og_type":"article","og_title":"Pol\u00edtica de Privacidad - OPTIMISTIC","og_description":"Nosotros valoramos tu privacidad. La pol\u00edtica de OPTIMISTIC es el respeto a su privacidad y a todos los datos que podemos recoger en nuestra p\u00e1gina web [\u2026]","og_url":"https:\/\/optimistic.pt\/es\/politica-de-privacidad\/","og_site_name":"OPTIMISTIC","article_modified_time":"2023-08-14T10:45:40+00:00","twitter_card":"summary_large_image","twitter_misc":{"Tiempo de lectura":"4 minutos"},"schema":{"@context":"https:\/\/schema.org","@graph":[{"@type":"WebPage","@id":"https:\/\/optimistic.pt\/es\/politica-de-privacidad\/","url":"https:\/\/optimistic.pt\/es\/politica-de-privacidad\/","name":"Pol\u00edtica de Privacidad - OPTIMISTIC","isPartOf":{"@id":"https:\/\/optimistic.pt\/es\/#website"},"datePublished":"2023-06-21T14:41:19+00:00","dateModified":"2023-08-14T10:45:40+00:00","breadcrumb":{"@id":"https:\/\/optimistic.pt\/es\/politica-de-privacidad\/#breadcrumb"},"inLanguage":"es","potentialAction":[{"@type":"ReadAction","target":["https:\/\/optimistic.pt\/es\/politica-de-privacidad\/"]}]},{"@type":"BreadcrumbList","@id":"https:\/\/optimistic.pt\/es\/politica-de-privacidad\/#breadcrumb","itemListElement":[{"@type":"ListItem","position":1,"name":"In\u00edcio","item":"https:\/\/optimistic.pt\/es\/"},{"@type":"ListItem","position":2,"name":"Pol\u00edtica de Privacidad"}]},{"@type":"WebSite","@id":"https:\/\/optimistic.pt\/es\/#website","url":"https:\/\/optimistic.pt\/es\/","name":"OPTIMISTIC","description":"Especialistas en equipamiento rotativo","publisher":{"@id":"https:\/\/optimistic.pt\/es\/#organization"},"potentialAction":[{"@type":"SearchAction","target":{"@type":"EntryPoint","urlTemplate":"https:\/\/optimistic.pt\/es\/?s={search_term_string}"},"query-input":{"@type":"PropertyValueSpecification","valueRequired":true,"valueName":"search_term_string"}}],"inLanguage":"es"},{"@type":"Organization","@id":"https:\/\/optimistic.pt\/es\/#organization","name":"OPTIMISTIC","url":"https:\/\/optimistic.pt\/es\/","logo":{"@type":"ImageObject","inLanguage":"es","@id":"https:\/\/optimistic.pt\/es\/#\/schema\/logo\/image\/","url":"https:\/\/optimistic.pt\/wp-content\/uploads\/2023\/05\/logo_OPTIMISTIC_s_designa_alto_rgb.png","contentUrl":"https:\/\/optimistic.pt\/wp-content\/uploads\/2023\/05\/logo_OPTIMISTIC_s_designa_alto_rgb.png","width":2062,"height":916,"caption":"OPTIMISTIC"},"image":{"@id":"https:\/\/optimistic.pt\/es\/#\/schema\/logo\/image\/"}}]}},"_links":{"self":[{"href":"https:\/\/optimistic.pt\/es\/wp-json\/wp\/v2\/pages\/1550","targetHints":{"allow":["GET"]}}],"collection":[{"href":"https:\/\/optimistic.pt\/es\/wp-json\/wp\/v2\/pages"}],"about":[{"href":"https:\/\/optimistic.pt\/es\/wp-json\/wp\/v2\/types\/page"}],"author":[{"embeddable":true,"href":"https:\/\/optimistic.pt\/es\/wp-json\/wp\/v2\/users\/1"}],"replies":[{"embeddable":true,"href":"https:\/\/optimistic.pt\/es\/wp-json\/wp\/v2\/comments?post=1550"}],"version-history":[{"count":4,"href":"https:\/\/optimistic.pt\/es\/wp-json\/wp\/v2\/pages\/1550\/revisions"}],"predecessor-version":[{"id":1653,"href":"https:\/\/optimistic.pt\/es\/wp-json\/wp\/v2\/pages\/1550\/revisions\/1653"}],"wp:attachment":[{"href":"https:\/\/optimistic.pt\/es\/wp-json\/wp\/v2\/media?parent=1550"}],"curies":[{"name":"wp","href":"https:\/\/api.w.org\/{rel}","templated":true}]}}